{"id":1467,"date":"2020-02-03T21:34:39","date_gmt":"2020-02-03T21:34:39","guid":{"rendered":"https:\/\/ninetheme.com\/themes\/naturally\/?page_id=1467"},"modified":"2026-01-09T15:43:21","modified_gmt":"2026-01-09T14:43:21","slug":"contact","status":"publish","type":"page","link":"https:\/\/pharmaspecific-portage.com\/en\/contact\/","title":{"rendered":"Contact"},"content":{"rendered":"\t\t<div data-elementor-type=\"wp-page\" data-elementor-id=\"1467\" class=\"elementor elementor-1467\">\n\t\t\t\t\t\t<div class=\"elementor-section elementor-top-section elementor-element elementor-element-a8d8d5b elementor-section-full_width elementor-section-height-default elementor-section-height-default\" data-id=\"a8d8d5b\" data-element_type=\"section\" data-e-type=\"section\">\n\t\t\t\t\t\t<div class=\"elementor-container elementor-column-gap-no\">\n\t\t\t\t\t<div class=\"elementor-column elementor-col-100 elementor-top-column elementor-element elementor-element-7b19d3dd\" data-id=\"7b19d3dd\" data-element_type=\"column\" data-e-type=\"column\">\n\t\t\t<div class=\"elementor-widget-wrap elementor-element-populated\">\n\t\t\t\t\t\t<div class=\"elementor-element elementor-element-431af08e elementor-widget elementor-widget-naturally-page-hero\" data-id=\"431af08e\" data-element_type=\"widget\" data-e-type=\"widget\" data-widget_type=\"naturally-page-hero.default\">\n\t\t\t\t<div class=\"elementor-widget-container\">\n\t\t\t\t\t<div class=\"section text-center\"><div class=\"container\"><div class=\"headline\"><h1 class=\"headline_title\">Contactez-nous<\/h1><p class=\"headline_summary\">Vous souhaitez en savoir plus sur nos solutions de portage scientifique et clinique, ou discuter d\u2019un besoin sp\u00e9cifique en staffing ? Envoyez-nous un message, nous reviendrons vers vous dans les plus brefs d\u00e9lais.<\/p><\/div><div class=\"breadcrumb\"><a class=\"breadcrumb_link\" href=\"https:\/\/pharmaspecific-portage.com\/en\/\"><span class=\"breadcrumb_link_text\"> Home<\/span><\/a><\/div><\/div><\/div>\t\t\t\t<\/div>\n\t\t\t\t<\/div>\n\t\t\t\t\t<\/div>\n\t\t<\/div>\n\t\t\t\t\t<\/div>\n\t\t<\/div>\n\t\t\t\t<div class=\"elementor-section elementor-top-section elementor-element elementor-element-1a36fac elementor-section-boxed elementor-section-height-default elementor-section-height-default\" data-id=\"1a36fac\" data-element_type=\"section\" data-e-type=\"section\">\n\t\t\t\t\t\t<div class=\"elementor-container elementor-column-gap-no\">\n\t\t\t\t\t<div class=\"elementor-column elementor-col-25 elementor-top-column elementor-element elementor-element-fb6230f\" data-id=\"fb6230f\" data-element_type=\"column\" data-e-type=\"column\">\n\t\t\t<div class=\"elementor-widget-wrap elementor-element-populated\">\n\t\t\t\t\t\t<div class=\"elementor-element elementor-element-479b7e4 naturally-transform transform-type-translate elementor-widget elementor-widget-heading\" data-id=\"479b7e4\" data-element_type=\"widget\" data-e-type=\"widget\" data-widget_type=\"heading.default\">\n\t\t\t\t\t<h3 class=\"elementor-heading-title elementor-size-default\">Adresse<\/h3>\t\t\t\t<\/div>\n\t\t\t\t<div class=\"elementor-element elementor-element-5c1a34e naturally-transform transform-type-translate elementor-widget elementor-widget-heading\" data-id=\"5c1a34e\" data-element_type=\"widget\" data-e-type=\"widget\" data-widget_type=\"heading.default\">\n\t\t\t\t\t<p class=\"elementor-heading-title elementor-size-default\">Villa G2 Ex-Villages des Jeux Ankorondrano<\/p>\t\t\t\t<\/div>\n\t\t\t\t\t<\/div>\n\t\t<\/div>\n\t\t\t\t<div class=\"elementor-column elementor-col-25 elementor-top-column elementor-element elementor-element-7924a3b\" data-id=\"7924a3b\" data-element_type=\"column\" data-e-type=\"column\">\n\t\t\t<div class=\"elementor-widget-wrap elementor-element-populated\">\n\t\t\t\t\t\t<div class=\"elementor-element elementor-element-2484cec naturally-transform transform-type-translate elementor-widget elementor-widget-heading\" data-id=\"2484cec\" data-element_type=\"widget\" data-e-type=\"widget\" data-widget_type=\"heading.default\">\n\t\t\t\t\t<h3 class=\"elementor-heading-title elementor-size-default\">T\u00e9l\u00e9phone<\/h3>\t\t\t\t<\/div>\n\t\t\t\t<div class=\"elementor-element elementor-element-1ef3708 naturally-transform transform-type-translate elementor-widget elementor-widget-heading\" data-id=\"1ef3708\" data-element_type=\"widget\" data-e-type=\"widget\" data-widget_type=\"heading.default\">\n\t\t\t\t\t<p class=\"elementor-heading-title elementor-size-default\">+261 38 61 747 38<\/p>\t\t\t\t<\/div>\n\t\t\t\t\t<\/div>\n\t\t<\/div>\n\t\t\t\t<div class=\"elementor-column elementor-col-25 elementor-top-column elementor-element elementor-element-7cda8eb\" data-id=\"7cda8eb\" data-element_type=\"column\" data-e-type=\"column\">\n\t\t\t<div class=\"elementor-widget-wrap elementor-element-populated\">\n\t\t\t\t\t\t<div class=\"elementor-element elementor-element-bc29e7c naturally-transform transform-type-translate elementor-widget elementor-widget-heading\" data-id=\"bc29e7c\" data-element_type=\"widget\" data-e-type=\"widget\" data-widget_type=\"heading.default\">\n\t\t\t\t\t<h3 class=\"elementor-heading-title elementor-size-default\">E-mail<\/h3>\t\t\t\t<\/div>\n\t\t\t\t<div class=\"elementor-element elementor-element-9d8f7cb naturally-transform transform-type-translate elementor-widget elementor-widget-heading\" data-id=\"9d8f7cb\" data-element_type=\"widget\" data-e-type=\"widget\" data-widget_type=\"heading.default\">\n\t\t\t\t\t<p class=\"elementor-heading-title elementor-size-default\">contact[@]pharmaspecific-portage[.]com<\/p>\t\t\t\t<\/div>\n\t\t\t\t\t<\/div>\n\t\t<\/div>\n\t\t\t\t<div class=\"elementor-column elementor-col-25 elementor-top-column elementor-element elementor-element-2e44f45\" data-id=\"2e44f45\" data-element_type=\"column\" data-e-type=\"column\">\n\t\t\t<div class=\"elementor-widget-wrap elementor-element-populated\">\n\t\t\t\t\t\t<div class=\"elementor-element elementor-element-9b1b346 naturally-transform transform-type-translate elementor-widget elementor-widget-heading\" data-id=\"9b1b346\" data-element_type=\"widget\" data-e-type=\"widget\" data-widget_type=\"heading.default\">\n\t\t\t\t\t<h3 class=\"elementor-heading-title elementor-size-default\">Heure d'ouverture<\/h3>\t\t\t\t<\/div>\n\t\t\t\t<div class=\"elementor-element elementor-element-041a9b6 naturally-transform transform-type-translate elementor-widget elementor-widget-heading\" data-id=\"041a9b6\" data-element_type=\"widget\" data-e-type=\"widget\" data-widget_type=\"heading.default\">\n\t\t\t\t\t<p class=\"elementor-heading-title elementor-size-default\">Lundi 07:00 <br>Vendredi 16:00<\/p>\t\t\t\t<\/div>\n\t\t\t\t\t<\/div>\n\t\t<\/div>\n\t\t\t\t\t<\/div>\n\t\t<\/div>\n\t\t\t\t<section class=\"elementor-section elementor-top-section elementor-element elementor-element-1fe1baf nt-section section elementor-section-boxed elementor-section-height-default elementor-section-height-default\" data-id=\"1fe1baf\" data-element_type=\"section\" data-e-type=\"section\">\n\t\t\t\t\t\t<div class=\"elementor-container elementor-column-gap-no\">\n\t\t\t\t\t<div class=\"elementor-column elementor-col-100 elementor-top-column elementor-element elementor-element-3edf52a\" data-id=\"3edf52a\" data-element_type=\"column\" data-e-type=\"column\">\n\t\t\t<div class=\"elementor-widget-wrap elementor-element-populated\">\n\t\t\t\t\t\t<section class=\"elementor-section elementor-inner-section elementor-element elementor-element-8628da0 elementor-section-boxed elementor-section-height-default elementor-section-height-default\" data-id=\"8628da0\" data-element_type=\"section\" data-e-type=\"section\">\n\t\t\t\t\t\t<div class=\"elementor-container elementor-column-gap-no\">\n\t\t\t\t\t<div class=\"elementor-column elementor-col-50 elementor-inner-column elementor-element elementor-element-6791c2d\" data-id=\"6791c2d\" data-element_type=\"column\" data-e-type=\"column\">\n\t\t\t<div class=\"elementor-widget-wrap elementor-element-populated\">\n\t\t\t\t\t\t<div class=\"elementor-element elementor-element-76861d9 elementor-widget elementor-widget-google_maps\" data-id=\"76861d9\" data-element_type=\"widget\" data-e-type=\"widget\" data-widget_type=\"google_maps.default\">\n\t\t\t\t\t\t\t<div class=\"elementor-custom-embed\">\n\t\t\t<iframe loading=\"lazy\"\n\t\t\t\t\tsrc=\"https:\/\/maps.google.com\/maps?q=Villa%20G2%20Ex-Villages%20des%20Jeux%20Ankorondrano&#038;t=m&#038;z=10&#038;output=embed&#038;iwloc=near\"\n\t\t\t\t\ttitle=\"Villa G2 Ex-Villages des Jeux Ankorondrano\"\n\t\t\t\t\taria-label=\"Villa G2 Ex-Villages des Jeux Ankorondrano\"\n\t\t\t><\/iframe>\n\t\t<\/div>\n\t\t\t\t\t\t<\/div>\n\t\t\t\t\t<\/div>\n\t\t<\/div>\n\t\t\t\t<div class=\"elementor-column elementor-col-50 elementor-inner-column elementor-element elementor-element-89773c5\" data-id=\"89773c5\" data-element_type=\"column\" data-e-type=\"column\">\n\t\t\t<div class=\"elementor-widget-wrap elementor-element-populated\">\n\t\t\t\t\t\t<div class=\"elementor-element elementor-element-646f3a1 naturally-transform transform-type-translate elementor-widget elementor-widget-heading\" data-id=\"646f3a1\" data-element_type=\"widget\" data-e-type=\"widget\" data-widget_type=\"heading.default\">\n\t\t\t\t\t<h3 class=\"elementor-heading-title elementor-size-default\">Contactez-nous<\/h3>\t\t\t\t<\/div>\n\t\t\t\t<div class=\"elementor-element elementor-element-a6080a5 naturally-transform transform-type-translate elementor-widget elementor-widget-heading\" data-id=\"a6080a5\" data-element_type=\"widget\" data-e-type=\"widget\" data-widget_type=\"heading.default\">\n\t\t\t\t\t<p class=\"elementor-heading-title elementor-size-default\">Pharmaspecific Portage<\/p>\t\t\t\t<\/div>\n\t\t\t\t<div class=\"elementor-element elementor-element-0dea1ba elementor-widget elementor-widget-naturally-contact-form-7\" data-id=\"0dea1ba\" data-element_type=\"widget\" data-e-type=\"widget\" data-widget_type=\"naturally-contact-form-7.default\">\n\t\t\t\t<div class=\"elementor-widget-container\">\n\t\t\t\t\t<div class=\"section-contact\">\n<div class=\"wpcf7 no-js\" id=\"wpcf7-f1472-o1\" lang=\"en-US\" dir=\"ltr\" data-wpcf7-id=\"1472\">\n<div class=\"screen-reader-response\"><p role=\"status\" aria-live=\"polite\" aria-atomic=\"true\"><\/p> <ul><\/ul><\/div>\n<form action=\"\/en\/wp-json\/wp\/v2\/pages\/1467#wpcf7-f1472-o1\" method=\"post\" class=\"wpcf7-form init\" aria-label=\"Contact form\" novalidate=\"novalidate\" data-status=\"init\">\n<fieldset class=\"hidden-fields-container\"><input type=\"hidden\" name=\"_wpcf7\" value=\"1472\" \/><input type=\"hidden\" name=\"_wpcf7_version\" value=\"6.1.5\" \/><input type=\"hidden\" name=\"_wpcf7_locale\" value=\"en_US\" \/><input type=\"hidden\" name=\"_wpcf7_unit_tag\" value=\"wpcf7-f1472-o1\" \/><input type=\"hidden\" name=\"_wpcf7_container_post\" value=\"0\" \/><input type=\"hidden\" name=\"_wpcf7_posted_data_hash\" value=\"\" \/>\n<\/fieldset>\n<div class=\"grid\">\n<div class=\"grid_row is-30\">\n<div class=\"grid_col is-12\">\n<label class=\"form_label\">Nom et pr\u00e9noms <span class=\"form_label_require\">*<\/span><\/label><span class=\"wpcf7-form-control-wrap\" data-name=\"text-785\"><input size=\"40\" maxlength=\"400\" class=\"wpcf7-form-control wpcf7-text wpcf7-validates-as-required form_control_input\" aria-required=\"true\" aria-invalid=\"false\" placeholder=\"Votre nom et pr\u00e9noms\" value=\"\" type=\"text\" name=\"text-785\" \/><\/span>\n<\/div>\n<div class=\"grid_col is-12\">\n<label class=\"form_label\">Organisation <span class=\"form_label_require\">*<\/span><\/label><span class=\"wpcf7-form-control-wrap\" data-name=\"text-786\"><input size=\"40\" maxlength=\"400\" class=\"wpcf7-form-control wpcf7-text wpcf7-validates-as-required form_control_input\" aria-required=\"true\" aria-invalid=\"false\" placeholder=\"Votre organisation\" value=\"\" type=\"text\" name=\"text-786\" \/><\/span>\n<\/div>\n<div class=\"grid_col is-12\">\n<label class=\"form_label\">Fonction <span class=\"form_label_require\">*<\/span><\/label><span class=\"wpcf7-form-control-wrap\" data-name=\"text-787\"><input size=\"40\" maxlength=\"400\" class=\"wpcf7-form-control wpcf7-text wpcf7-validates-as-required form_control_input\" aria-required=\"true\" aria-invalid=\"false\" placeholder=\"Votre fonction\" value=\"\" type=\"text\" name=\"text-787\" \/><\/span>\n<\/div>\n<div class=\"grid_col is-12\">\n<label class=\"form_label\">Email<span class=\"form_label_require\">*<\/span><\/label><span class=\"wpcf7-form-control-wrap\" data-name=\"email-649\"><input size=\"40\" maxlength=\"400\" class=\"wpcf7-form-control wpcf7-email wpcf7-validates-as-required wpcf7-text wpcf7-validates-as-email form_control_input\" aria-required=\"true\" aria-invalid=\"false\" placeholder=\"Votre email\" value=\"\" type=\"email\" name=\"email-649\" \/><\/span>\n<\/div>\n<div class=\"grid_col is-12\">\n<label class=\"form_label\">T\u00e9l\u00e9phone<span class=\"\"><\/span><\/label><span class=\"wpcf7-form-control-wrap\" data-name=\"text-788\"><input size=\"40\" maxlength=\"400\" class=\"wpcf7-form-control wpcf7-text wpcf7-validates-as-required form_control_input\" aria-required=\"true\" aria-invalid=\"false\" placeholder=\"Votre num\u00e9ro de t\u00e9l\u00e9phone\" value=\"\" type=\"text\" name=\"text-788\" \/><\/span>\n<\/div>\n<div class=\"grid_col is-12\">\n<label class=\"form_label\">Type de besoin<span class=\"\">*<\/span><\/label>\n<span class=\"wpcf7-form-control-wrap\" data-name=\"select-341\"><select class=\"wpcf7-form-control wpcf7-select\" aria-invalid=\"false\" name=\"select-341\"><option value=\"ONG\">ONG<\/option><option value=\"CRO\">CRO<\/option><option value=\"Biotech\">Biotech<\/option><option value=\"H\u00f4pital\">H\u00f4pital<\/option><option value=\"Autre\">Autre<\/option><\/select><\/span>\n<\/div>\n<div class=\"grid_col is-12\">\n<label class=\"form_label\">Message <span class=\"form_label_require\">*<\/span><\/label><span class=\"wpcf7-form-control-wrap\" data-name=\"textarea-234\"><textarea cols=\"40\" rows=\"10\" maxlength=\"2000\" class=\"wpcf7-form-control wpcf7-textarea form_control_textarea\" aria-invalid=\"false\" placeholder=\"Votre message ...\" name=\"textarea-234\"><\/textarea><\/span>\n<\/div>\n<div class=\"grid_col is-12\">\n<button class=\"button is-block is-grey wpcf7-form-control wpcf7-submit\" type=\"submit\">\n<span class=\"button_text\">Envoyer<\/span>\n<\/button>\n<\/div>\n<\/div>\n<\/div><p style=\"display: none !important;\" class=\"akismet-fields-container\" data-prefix=\"_wpcf7_ak_\"><label>&#916;<textarea name=\"_wpcf7_ak_hp_textarea\" cols=\"45\" rows=\"8\" maxlength=\"100\"><\/textarea><\/label><input type=\"hidden\" id=\"ak_js_1\" name=\"_wpcf7_ak_js\" value=\"185\"\/><script>document.getElementById( \"ak_js_1\" ).setAttribute( \"value\", ( new Date() ).getTime() );<\/script><\/p><div class=\"wpcf7-response-output\" aria-hidden=\"true\"><\/div>\n<\/form>\n<\/div>\n<\/div>\t\t\t\t<\/div>\n\t\t\t\t<\/div>\n\t\t\t\t\t<\/div>\n\t\t<\/div>\n\t\t\t\t\t<\/div>\n\t\t<\/section>\n\t\t\t\t\t<\/div>\n\t\t<\/div>\n\t\t\t\t\t<\/div>\n\t\t<\/section>\n\t\t\t\t<\/div>\n\t\t","protected":false},"excerpt":{"rendered":"<p>Contactez-nous Vous souhaitez en savoir plus sur nos solutions de portage scientifique et clinique, ou discuter d\u2019un besoin sp\u00e9cifique en staffing ? Envoyez-nous un message, nous reviendrons vers vous dans les plus brefs d\u00e9lais. Home Adresse Villa G2 Ex-Villages des Jeux Ankorondrano T\u00e9l\u00e9phone +261 38 61 747 38 E-mail contact[@]pharmaspecific-portage[.]com Heure d&#8217;ouverture Lundi 07:00 Vendredi&#8230;<\/p>\n","protected":false},"author":2,"featured_media":0,"parent":0,"menu_order":0,"comment_status":"closed","ping_status":"closed","template":"naturally-elementor-page.php","meta":{"_acf_changed":false,"footnotes":""},"class_list":{"0":"post-1467","1":"page","2":"type-page","3":"status-publish","4":"hentry","5":"nt-post-class","6":"","7":"masonry-item","8":"col-lg-4","10":"thumb-none","12":"excerpt-none"},"acf":[],"yoast_head":"<!-- This site is optimized with the Yoast SEO plugin v26.9 - https:\/\/yoast.com\/product\/yoast-seo-wordpress\/ -->\n<title>Contact - Pharmaspecific Portage<\/title>\n<meta name=\"robots\" content=\"index, follow, max-snippet:-1, max-image-preview:large, max-video-preview:-1\" \/>\n<link rel=\"canonical\" href=\"https:\/\/pharmaspecific-portage.com\/en\/contact\/\" \/>\n<meta property=\"og:locale\" content=\"en_US\" \/>\n<meta property=\"og:type\" content=\"article\" \/>\n<meta property=\"og:title\" content=\"Contact - Pharmaspecific Portage\" \/>\n<meta property=\"og:description\" content=\"Contactez-nous Vous souhaitez en savoir plus sur nos solutions de portage scientifique et clinique, ou discuter d\u2019un besoin sp\u00e9cifique en staffing ? Envoyez-nous un message, nous reviendrons vers vous dans les plus brefs d\u00e9lais. Home Adresse Villa G2 Ex-Villages des Jeux Ankorondrano T\u00e9l\u00e9phone +261 38 61 747 38 E-mail contact[@]pharmaspecific-portage[.]com Heure d&#8217;ouverture Lundi 07:00 Vendredi...\" \/>\n<meta property=\"og:url\" content=\"https:\/\/pharmaspecific-portage.com\/en\/contact\/\" \/>\n<meta property=\"og:site_name\" content=\"Pharmaspecific Portage\" \/>\n<meta property=\"article:modified_time\" content=\"2026-01-09T14:43:21+00:00\" \/>\n<meta name=\"twitter:card\" content=\"summary_large_image\" \/>\n<script type=\"application\/ld+json\" class=\"yoast-schema-graph\">{\"@context\":\"https:\/\/schema.org\",\"@graph\":[{\"@type\":\"WebPage\",\"@id\":\"https:\/\/pharmaspecific-portage.com\/contact\/\",\"url\":\"https:\/\/pharmaspecific-portage.com\/contact\/\",\"name\":\"Contact - Pharmaspecific Portage\",\"isPartOf\":{\"@id\":\"https:\/\/pharmaspecific-portage.com\/#website\"},\"datePublished\":\"2020-02-03T21:34:39+00:00\",\"dateModified\":\"2026-01-09T14:43:21+00:00\",\"breadcrumb\":{\"@id\":\"https:\/\/pharmaspecific-portage.com\/contact\/#breadcrumb\"},\"inLanguage\":\"en-US\",\"potentialAction\":[{\"@type\":\"ReadAction\",\"target\":[\"https:\/\/pharmaspecific-portage.com\/contact\/\"]}]},{\"@type\":\"BreadcrumbList\",\"@id\":\"https:\/\/pharmaspecific-portage.com\/contact\/#breadcrumb\",\"itemListElement\":[{\"@type\":\"ListItem\",\"position\":1,\"name\":\"Accueil\",\"item\":\"https:\/\/pharmaspecific-portage.com\/\"},{\"@type\":\"ListItem\",\"position\":2,\"name\":\"Contact\"}]},{\"@type\":\"WebSite\",\"@id\":\"https:\/\/pharmaspecific-portage.com\/#website\",\"url\":\"https:\/\/pharmaspecific-portage.com\/\",\"name\":\"Pharmaspecific Portage\",\"description\":\"Scientific excellence, delivered with precision.\",\"publisher\":{\"@id\":\"https:\/\/pharmaspecific-portage.com\/#organization\"},\"potentialAction\":[{\"@type\":\"SearchAction\",\"target\":{\"@type\":\"EntryPoint\",\"urlTemplate\":\"https:\/\/pharmaspecific-portage.com\/?s={search_term_string}\"},\"query-input\":{\"@type\":\"PropertyValueSpecification\",\"valueRequired\":true,\"valueName\":\"search_term_string\"}}],\"inLanguage\":\"en-US\"},{\"@type\":\"Organization\",\"@id\":\"https:\/\/pharmaspecific-portage.com\/#organization\",\"name\":\"Pharmaspecific Portage\",\"url\":\"https:\/\/pharmaspecific-portage.com\/\",\"logo\":{\"@type\":\"ImageObject\",\"inLanguage\":\"en-US\",\"@id\":\"https:\/\/pharmaspecific-portage.com\/#\/schema\/logo\/image\/\",\"url\":\"https:\/\/pharmaspecific-portage.com\/wp-content\/uploads\/2025\/12\/Logo-pharmaspecific-portage-1.png\",\"contentUrl\":\"https:\/\/pharmaspecific-portage.com\/wp-content\/uploads\/2025\/12\/Logo-pharmaspecific-portage-1.png\",\"width\":1536,\"height\":1024,\"caption\":\"Pharmaspecific Portage\"},\"image\":{\"@id\":\"https:\/\/pharmaspecific-portage.com\/#\/schema\/logo\/image\/\"}}]}<\/script>\n<!-- \/ Yoast SEO plugin. -->","yoast_head_json":{"title":"Contact - Pharmaspecific Portage","robots":{"index":"index","follow":"follow","max-snippet":"max-snippet:-1","max-image-preview":"max-image-preview:large","max-video-preview":"max-video-preview:-1"},"canonical":"https:\/\/pharmaspecific-portage.com\/en\/contact\/","og_locale":"en_US","og_type":"article","og_title":"Contact - Pharmaspecific Portage","og_description":"Contactez-nous Vous souhaitez en savoir plus sur nos solutions de portage scientifique et clinique, ou discuter d\u2019un besoin sp\u00e9cifique en staffing ? Envoyez-nous un message, nous reviendrons vers vous dans les plus brefs d\u00e9lais. Home Adresse Villa G2 Ex-Villages des Jeux Ankorondrano T\u00e9l\u00e9phone +261 38 61 747 38 E-mail contact[@]pharmaspecific-portage[.]com Heure d&#8217;ouverture Lundi 07:00 Vendredi...","og_url":"https:\/\/pharmaspecific-portage.com\/en\/contact\/","og_site_name":"Pharmaspecific Portage","article_modified_time":"2026-01-09T14:43:21+00:00","twitter_card":"summary_large_image","schema":{"@context":"https:\/\/schema.org","@graph":[{"@type":"WebPage","@id":"https:\/\/pharmaspecific-portage.com\/contact\/","url":"https:\/\/pharmaspecific-portage.com\/contact\/","name":"Contact - Pharmaspecific Portage","isPartOf":{"@id":"https:\/\/pharmaspecific-portage.com\/#website"},"datePublished":"2020-02-03T21:34:39+00:00","dateModified":"2026-01-09T14:43:21+00:00","breadcrumb":{"@id":"https:\/\/pharmaspecific-portage.com\/contact\/#breadcrumb"},"inLanguage":"en-US","potentialAction":[{"@type":"ReadAction","target":["https:\/\/pharmaspecific-portage.com\/contact\/"]}]},{"@type":"BreadcrumbList","@id":"https:\/\/pharmaspecific-portage.com\/contact\/#breadcrumb","itemListElement":[{"@type":"ListItem","position":1,"name":"Accueil","item":"https:\/\/pharmaspecific-portage.com\/"},{"@type":"ListItem","position":2,"name":"Contact"}]},{"@type":"WebSite","@id":"https:\/\/pharmaspecific-portage.com\/#website","url":"https:\/\/pharmaspecific-portage.com\/","name":"Pharmaspecific Portage","description":"Scientific excellence, delivered with precision.","publisher":{"@id":"https:\/\/pharmaspecific-portage.com\/#organization"},"potentialAction":[{"@type":"SearchAction","target":{"@type":"EntryPoint","urlTemplate":"https:\/\/pharmaspecific-portage.com\/?s={search_term_string}"},"query-input":{"@type":"PropertyValueSpecification","valueRequired":true,"valueName":"search_term_string"}}],"inLanguage":"en-US"},{"@type":"Organization","@id":"https:\/\/pharmaspecific-portage.com\/#organization","name":"Pharmaspecific Portage","url":"https:\/\/pharmaspecific-portage.com\/","logo":{"@type":"ImageObject","inLanguage":"en-US","@id":"https:\/\/pharmaspecific-portage.com\/#\/schema\/logo\/image\/","url":"https:\/\/pharmaspecific-portage.com\/wp-content\/uploads\/2025\/12\/Logo-pharmaspecific-portage-1.png","contentUrl":"https:\/\/pharmaspecific-portage.com\/wp-content\/uploads\/2025\/12\/Logo-pharmaspecific-portage-1.png","width":1536,"height":1024,"caption":"Pharmaspecific Portage"},"image":{"@id":"https:\/\/pharmaspecific-portage.com\/#\/schema\/logo\/image\/"}}]}},"_links":{"self":[{"href":"https:\/\/pharmaspecific-portage.com\/en\/wp-json\/wp\/v2\/pages\/1467","targetHints":{"allow":["GET"]}}],"collection":[{"href":"https:\/\/pharmaspecific-portage.com\/en\/wp-json\/wp\/v2\/pages"}],"about":[{"href":"https:\/\/pharmaspecific-portage.com\/en\/wp-json\/wp\/v2\/types\/page"}],"author":[{"embeddable":true,"href":"https:\/\/pharmaspecific-portage.com\/en\/wp-json\/wp\/v2\/users\/2"}],"replies":[{"embeddable":true,"href":"https:\/\/pharmaspecific-portage.com\/en\/wp-json\/wp\/v2\/comments?post=1467"}],"version-history":[{"count":12,"href":"https:\/\/pharmaspecific-portage.com\/en\/wp-json\/wp\/v2\/pages\/1467\/revisions"}],"predecessor-version":[{"id":4398,"href":"https:\/\/pharmaspecific-portage.com\/en\/wp-json\/wp\/v2\/pages\/1467\/revisions\/4398"}],"wp:attachment":[{"href":"https:\/\/pharmaspecific-portage.com\/en\/wp-json\/wp\/v2\/media?parent=1467"}],"curies":[{"name":"wp","href":"https:\/\/api.w.org\/{rel}","templated":true}]}}