{"id":2161,"date":"2020-02-13T21:40:33","date_gmt":"2020-02-13T21:40:33","guid":{"rendered":"https:\/\/ninetheme.com\/themes\/naturally\/?page_id=2161"},"modified":"2025-12-23T14:59:58","modified_gmt":"2025-12-23T13:59:58","slug":"faq","status":"publish","type":"page","link":"https:\/\/pharmaspecific-portage.com\/en\/faq\/","title":{"rendered":"FAQ"},"content":{"rendered":"<div data-elementor-type=\"wp-page\" data-elementor-id=\"2161\" class=\"elementor elementor-2161\">\n\t\t\t\t\t\t<div class=\"elementor-section elementor-inner-section elementor-element elementor-element-5dcfb736 heading nt-section section elementor-section-boxed elementor-section-height-default elementor-section-height-default\" data-id=\"5dcfb736\" data-element_type=\"section\" data-e-type=\"section\">\n\t\t\t\t\t\t<div class=\"elementor-container elementor-column-gap-narrow\">\n\t\t\t\t\t<div class=\"elementor-column elementor-col-100 elementor-inner-column elementor-element elementor-element-14bc97d0\" data-id=\"14bc97d0\" data-element_type=\"column\" data-e-type=\"column\">\n\t\t\t<div class=\"elementor-widget-wrap elementor-element-populated\">\n\t\t\t\t\t\t<div class=\"elementor-element elementor-element-77d3024d heading_title naturally-transform transform-type-translate elementor-widget elementor-widget-heading\" data-id=\"77d3024d\" data-element_type=\"widget\" data-e-type=\"widget\" data-widget_type=\"heading.default\">\n\t\t\t\t\t<h2 class=\"elementor-heading-title elementor-size-default\">FAQ<\/h2>\t\t\t\t<\/div>\n\t\t\t\t\t<\/div>\n\t\t<\/div>\n\t\t\t\t\t<\/div>\n\t\t<\/div>\n\t\t\t\t<section class=\"elementor-section elementor-top-section elementor-element elementor-element-c3e35d8 elementor-section-content-middle nt-section section elementor-section-boxed elementor-section-height-default elementor-section-height-default\" data-id=\"c3e35d8\" data-element_type=\"section\" data-e-type=\"section\">\n\t\t\t\t\t\t<div class=\"elementor-container elementor-column-gap-wide\">\n\t\t\t\t\t<div class=\"elementor-column elementor-col-50 elementor-top-column elementor-element elementor-element-8fcf17b\" data-id=\"8fcf17b\" data-element_type=\"column\" data-e-type=\"column\">\n\t\t\t<div class=\"elementor-widget-wrap elementor-element-populated\">\n\t\t\t\t\t\t<div class=\"elementor-element elementor-element-e09093d elementor-arrows-position-inside elementor-invisible elementor-widget elementor-widget-image-carousel\" data-id=\"e09093d\" data-element_type=\"widget\" data-e-type=\"widget\" data-settings=\"{&quot;slides_to_show&quot;:&quot;1&quot;,&quot;navigation&quot;:&quot;arrows&quot;,&quot;autoplay_speed&quot;:2500,&quot;effect&quot;:&quot;fade&quot;,&quot;_animation&quot;:&quot;fadeIn&quot;,&quot;autoplay&quot;:&quot;yes&quot;,&quot;pause_on_hover&quot;:&quot;yes&quot;,&quot;pause_on_interaction&quot;:&quot;yes&quot;,&quot;infinite&quot;:&quot;yes&quot;,&quot;speed&quot;:500}\" data-widget_type=\"image-carousel.default\">\n\t\t\t\t\t\t\t<div class=\"elementor-image-carousel-wrapper swiper\" role=\"region\" aria-roledescription=\"carousel\" aria-label=\"Carrousel d\u2019images\" dir=\"ltr\">\n\t\t\t<div class=\"elementor-image-carousel swiper-wrapper swiper-image-stretch\" aria-live=\"off\">\n\t\t\t\t\t\t\t\t<div class=\"swiper-slide\" role=\"group\" aria-roledescription=\"slide\" aria-label=\"1 sur 3\"><figure class=\"swiper-slide-inner\"><img decoding=\"async\" class=\"swiper-slide-image\" src=\"https:\/\/pharmaspecific-portage.com\/wp-content\/uploads\/2025\/12\/Hero-banner-3-768x512.jpg\" alt=\"Hero-banner\" \/><\/figure><\/div><div class=\"swiper-slide\" role=\"group\" aria-roledescription=\"slide\" aria-label=\"2 sur 3\"><figure class=\"swiper-slide-inner\"><img decoding=\"async\" class=\"swiper-slide-image\" src=\"https:\/\/pharmaspecific-portage.com\/wp-content\/uploads\/2025\/12\/Expertise-data-biostatistique-sante-publique-1-768x644.png\" alt=\"Expertise data, biostatistique &amp; sant\u00e9 publique\" \/><\/figure><\/div><div class=\"swiper-slide\" role=\"group\" aria-roledescription=\"slide\" aria-label=\"3 sur 3\"><figure class=\"swiper-slide-inner\"><img decoding=\"async\" class=\"swiper-slide-image\" src=\"https:\/\/pharmaspecific-portage.com\/wp-content\/uploads\/2025\/12\/ONG-768x512.jpg\" alt=\"ONG\" \/><\/figure><\/div>\t\t\t<\/div>\n\t\t\t\t\t\t\t\t\t\t\t\t<div class=\"elementor-swiper-button elementor-swiper-button-prev\" role=\"button\" tabindex=\"0\">\n\t\t\t\t\t\t<svg aria-hidden=\"true\" class=\"e-font-icon-svg e-eicon-chevron-left\" viewbox=\"0 0 1000 1000\" xmlns=\"http:\/\/www.w3.org\/2000\/svg\"><path d=\"M646 125C629 125 613 133 604 142L308 442C296 454 292 471 292 487 292 504 296 521 308 533L604 854C617 867 629 875 646 875 663 875 679 871 692 858 704 846 713 829 713 812 713 796 708 779 692 767L438 487 692 225C700 217 708 204 708 187 708 171 704 154 692 142 675 129 663 125 646 125Z\"><\/path><\/svg>\t\t\t\t\t<\/div>\n\t\t\t\t\t<div class=\"elementor-swiper-button elementor-swiper-button-next\" role=\"button\" tabindex=\"0\">\n\t\t\t\t\t\t<svg aria-hidden=\"true\" class=\"e-font-icon-svg e-eicon-chevron-right\" viewbox=\"0 0 1000 1000\" xmlns=\"http:\/\/www.w3.org\/2000\/svg\"><path d=\"M696 533C708 521 713 504 713 487 713 471 708 454 696 446L400 146C388 133 375 125 354 125 338 125 325 129 313 142 300 154 292 171 292 187 292 204 296 221 308 233L563 492 304 771C292 783 288 800 288 817 288 833 296 850 308 863 321 871 338 875 354 875 371 875 388 867 400 854L696 533Z\"><\/path><\/svg>\t\t\t\t\t<\/div>\n\t\t\t\t\n\t\t\t\t\t\t\t\t\t<\/div>\n\t\t\t\t\t\t<\/div>\n\t\t\t\t\t<\/div>\n\t\t<\/div>\n\t\t\t\t<div class=\"elementor-column elementor-col-50 elementor-top-column elementor-element elementor-element-5c01052\" data-id=\"5c01052\" data-element_type=\"column\" data-e-type=\"column\">\n\t\t\t<div class=\"elementor-widget-wrap elementor-element-populated\">\n\t\t\t\t\t\t<div class=\"elementor-element elementor-element-bcda2be elementor-widget elementor-widget-naturally-accordion-tabs\" data-id=\"bcda2be\" data-element_type=\"widget\" data-e-type=\"widget\" data-widget_type=\"naturally-accordion-tabs.default\">\n\t\t\t\t<div class=\"elementor-widget-container\">\n\t\t\t\t\t<div class=\"accordion\" data-ntr-accordion=\"single\"><div class=\"accordion_item\"><div class=\"accordion_item_header\"><div class=\"accordion_item_title\">C\u2019est quoi le portage salarial ?<\/div><div class=\"accordion_item_icon icon is-arrow-right2\"><\/div><\/div><div class=\"accordion_item_body\"><p>Le <strong>portage salarial<\/strong> est une solution qui permet \u00e0 un consultant de r\u00e9aliser des missions pour des clients tout en b\u00e9n\u00e9ficiant du <strong>statut de salari\u00e9<\/strong>.<\/p><p>Concr\u00e8tement, Pharmaspecific Portage :<\/p><ul><li>emploie le consultant,<\/li><li>signe les contrats avec les clients,<\/li><li>facture les prestations,<\/li><li>g\u00e8re l\u2019ensemble des obligations administratives, sociales et l\u00e9gales (contrat, paie, cotisations, conformit\u00e9).<\/li><\/ul><p>\ud83d\udc49 Le consultant se concentre sur sa mission, et le client b\u00e9n\u00e9ficie d\u2019une solution <strong>simple, conforme et s\u00e9curis\u00e9e<\/strong>.<\/p><\/div><\/div><div class=\"accordion_item\"><div class=\"accordion_item_header\"><div class=\"accordion_item_title\">Pharmaspecific Portage est-il une branche de la soci\u00e9t\u00e9 Pharmaspecific ?<\/div><div class=\"accordion_item_icon icon is-arrow-right2\"><\/div><\/div><div class=\"accordion_item_body\"><p>Non.<br \/><strong>Pharmaspecific Portage est une soci\u00e9t\u00e9 distincte<\/strong>, juridiquement ind\u00e9pendante.<\/p><p>Elle fait partie du m\u00eame \u00e9cosyst\u00e8me de comp\u00e9tences et de valeurs, mais :<\/p><ul><li>dispose de sa <strong>propre structure<\/strong>,<\/li><li>de ses <strong>propres contrats<\/strong>,<\/li><li>et d\u2019un <strong>mod\u00e8le d\u00e9di\u00e9 au portage salarial scientifique et clinique<\/strong>.<\/li><\/ul><p>Cette s\u00e9paration garantit une <strong>clart\u00e9 contractuelle<\/strong>, une <strong>conformit\u00e9 juridique<\/strong> et une <strong>sp\u00e9cialisation m\u00e9tier<\/strong>.<\/p><\/div><\/div><div class=\"accordion_item\"><div class=\"accordion_item_header\"><div class=\"accordion_item_title\">Quelle est la cible du portage salarial chez Pharmaspecific Portage ?<\/div><div class=\"accordion_item_icon icon is-arrow-right2\"><\/div><\/div><div class=\"accordion_item_body\"><p>Pharmaspecific Portage s\u2019adresse \u00e0 deux cibles principales :<\/p><p><strong>\ud83d\udd39<\/strong><strong> C\u00f4t\u00e9 clients<\/strong><\/p><ul><li>ONG &amp; bailleurs internationaux<\/li><li>CRO et acteurs de la recherche clinique<\/li><li>Institutions de sant\u00e9 publique<\/li><li>Entreprises pharmaceutiques, biotech, medtech<\/li><\/ul><p><strong>\ud83d\udd39<\/strong><strong> C\u00f4t\u00e9 consultants<\/strong><\/p><ul><li>M\u00e9decins, pharmaciens, pharmacologues<\/li><li>ARC \/ TEC \/ coordinateurs d\u2019\u00e9tudes<\/li><li>Data managers, biostatisticiens, \u00e9pid\u00e9miologistes<\/li><li>Experts en sant\u00e9 publique, M&amp;E, qualit\u00e9, r\u00e9glementation<\/li><\/ul><p>\ud83d\udc49 Des profils <strong>exp\u00e9riment\u00e9s<\/strong>, autonomes et orient\u00e9s qualit\u00e9.<\/p><\/div><\/div><div class=\"accordion_item\"><div class=\"accordion_item_header\"><div class=\"accordion_item_title\">Pharmaspecific Portage est-il uniquement bas\u00e9 \u00e0 Madagascar ?<\/div><div class=\"accordion_item_icon icon is-arrow-right2\"><\/div><\/div><div class=\"accordion_item_body\"><p>Non.<br \/>Pharmaspecific Portage <strong>s\u2019appuie fortement sur les talents bas\u00e9s \u00e0 Madagascar<\/strong>, reconnus pour leur expertise, leur rigueur et leur excellent rapport qualit\u00e9\/co\u00fbt.<\/p><p>Cependant :<\/p><ul><li>les missions peuvent \u00eatre <strong>locales, r\u00e9gionales ou internationales<\/strong>,<\/li><li>les clients sont bas\u00e9s en <strong>Europe, Afrique, Cara\u00efbes ou \u00e0 l\u2019international<\/strong>,<\/li><li>et certains consultants peuvent intervenir <strong>\u00e0 distance ou en mobilit\u00e9<\/strong> selon les projets.<\/li><\/ul><p>\ud83d\udc49 Madagascar est un <strong>hub de comp\u00e9tences<\/strong>, pas une limite g\u00e9ographique.<\/p><\/div><\/div><\/div>\t\t\t\t<\/div>\n\t\t\t\t<\/div>\n\t\t\t\t\t<\/div>\n\t\t<\/div>\n\t\t\t\t\t<\/div>\n\t\t<\/section>\n\t\t\t\t<\/div>","protected":false},"excerpt":{"rendered":"<p>FAQ C\u2019est quoi le portage salarial ? Le portage salarial est une solution qui permet \u00e0 un consultant de r\u00e9aliser des missions pour des clients tout en b\u00e9n\u00e9ficiant du statut de salari\u00e9. Concr\u00e8tement, Pharmaspecific Portage : emploie le consultant, signe les contrats avec les clients, facture les prestations, g\u00e8re l\u2019ensemble des obligations administratives, sociales et&#8230;<\/p>","protected":false},"author":2,"featured_media":0,"parent":0,"menu_order":0,"comment_status":"closed","ping_status":"closed","template":"naturally-elementor-page.php","meta":{"_acf_changed":false,"footnotes":""},"class_list":{"0":"post-2161","1":"page","2":"type-page","3":"status-publish","4":"hentry","5":"nt-post-class","6":"","7":"masonry-item","8":"col-lg-4","10":"thumb-none","12":"excerpt-none"},"acf":[],"yoast_head":"<!-- This site is optimized with the Yoast SEO plugin v26.9 - https:\/\/yoast.com\/product\/yoast-seo-wordpress\/ -->\n<title>FAQ - Pharmaspecific Portage<\/title>\n<meta name=\"robots\" content=\"index, follow, max-snippet:-1, max-image-preview:large, max-video-preview:-1\" \/>\n<link rel=\"canonical\" href=\"https:\/\/pharmaspecific-portage.com\/en\/faq\/\" \/>\n<meta property=\"og:locale\" content=\"en_US\" \/>\n<meta property=\"og:type\" content=\"article\" \/>\n<meta property=\"og:title\" content=\"FAQ - Pharmaspecific Portage\" \/>\n<meta property=\"og:description\" content=\"FAQ C\u2019est quoi le portage salarial ? Le portage salarial est une solution qui permet \u00e0 un consultant de r\u00e9aliser des missions pour des clients tout en b\u00e9n\u00e9ficiant du statut de salari\u00e9. Concr\u00e8tement, Pharmaspecific Portage : emploie le consultant, signe les contrats avec les clients, facture les prestations, g\u00e8re l\u2019ensemble des obligations administratives, sociales et...\" \/>\n<meta property=\"og:url\" content=\"https:\/\/pharmaspecific-portage.com\/en\/faq\/\" \/>\n<meta property=\"og:site_name\" content=\"Pharmaspecific Portage\" \/>\n<meta property=\"article:modified_time\" content=\"2025-12-23T13:59:58+00:00\" \/>\n<meta property=\"og:image\" content=\"https:\/\/pharmaspecific-portage.com\/wp-content\/uploads\/2025\/12\/Hero-banner-3-768x512.jpg\" \/>\n<meta name=\"twitter:card\" content=\"summary_large_image\" \/>\n<meta name=\"twitter:label1\" content=\"Est. reading time\" \/>\n\t<meta name=\"twitter:data1\" content=\"2 minutes\" \/>\n<script type=\"application\/ld+json\" class=\"yoast-schema-graph\">{\"@context\":\"https:\/\/schema.org\",\"@graph\":[{\"@type\":\"WebPage\",\"@id\":\"https:\/\/pharmaspecific-portage.com\/faq\/\",\"url\":\"https:\/\/pharmaspecific-portage.com\/faq\/\",\"name\":\"FAQ - Pharmaspecific Portage\",\"isPartOf\":{\"@id\":\"https:\/\/pharmaspecific-portage.com\/#website\"},\"primaryImageOfPage\":{\"@id\":\"https:\/\/pharmaspecific-portage.com\/faq\/#primaryimage\"},\"image\":{\"@id\":\"https:\/\/pharmaspecific-portage.com\/faq\/#primaryimage\"},\"thumbnailUrl\":\"https:\/\/pharmaspecific-portage.com\/wp-content\/uploads\/2025\/12\/Hero-banner-3-768x512.jpg\",\"datePublished\":\"2020-02-13T21:40:33+00:00\",\"dateModified\":\"2025-12-23T13:59:58+00:00\",\"breadcrumb\":{\"@id\":\"https:\/\/pharmaspecific-portage.com\/faq\/#breadcrumb\"},\"inLanguage\":\"en-US\",\"potentialAction\":[{\"@type\":\"ReadAction\",\"target\":[\"https:\/\/pharmaspecific-portage.com\/faq\/\"]}]},{\"@type\":\"ImageObject\",\"inLanguage\":\"en-US\",\"@id\":\"https:\/\/pharmaspecific-portage.com\/faq\/#primaryimage\",\"url\":\"https:\/\/pharmaspecific-portage.com\/wp-content\/uploads\/2025\/12\/Hero-banner-3-768x512.jpg\",\"contentUrl\":\"https:\/\/pharmaspecific-portage.com\/wp-content\/uploads\/2025\/12\/Hero-banner-3-768x512.jpg\"},{\"@type\":\"BreadcrumbList\",\"@id\":\"https:\/\/pharmaspecific-portage.com\/faq\/#breadcrumb\",\"itemListElement\":[{\"@type\":\"ListItem\",\"position\":1,\"name\":\"Accueil\",\"item\":\"https:\/\/pharmaspecific-portage.com\/\"},{\"@type\":\"ListItem\",\"position\":2,\"name\":\"FAQ\"}]},{\"@type\":\"WebSite\",\"@id\":\"https:\/\/pharmaspecific-portage.com\/#website\",\"url\":\"https:\/\/pharmaspecific-portage.com\/\",\"name\":\"Pharmaspecific Portage\",\"description\":\"Scientific excellence, delivered with precision.\",\"publisher\":{\"@id\":\"https:\/\/pharmaspecific-portage.com\/#organization\"},\"potentialAction\":[{\"@type\":\"SearchAction\",\"target\":{\"@type\":\"EntryPoint\",\"urlTemplate\":\"https:\/\/pharmaspecific-portage.com\/?s={search_term_string}\"},\"query-input\":{\"@type\":\"PropertyValueSpecification\",\"valueRequired\":true,\"valueName\":\"search_term_string\"}}],\"inLanguage\":\"en-US\"},{\"@type\":\"Organization\",\"@id\":\"https:\/\/pharmaspecific-portage.com\/#organization\",\"name\":\"Pharmaspecific Portage\",\"url\":\"https:\/\/pharmaspecific-portage.com\/\",\"logo\":{\"@type\":\"ImageObject\",\"inLanguage\":\"en-US\",\"@id\":\"https:\/\/pharmaspecific-portage.com\/#\/schema\/logo\/image\/\",\"url\":\"https:\/\/pharmaspecific-portage.com\/wp-content\/uploads\/2025\/12\/Logo-pharmaspecific-portage-1.png\",\"contentUrl\":\"https:\/\/pharmaspecific-portage.com\/wp-content\/uploads\/2025\/12\/Logo-pharmaspecific-portage-1.png\",\"width\":1536,\"height\":1024,\"caption\":\"Pharmaspecific Portage\"},\"image\":{\"@id\":\"https:\/\/pharmaspecific-portage.com\/#\/schema\/logo\/image\/\"}}]}<\/script>\n<!-- \/ Yoast SEO plugin. -->","yoast_head_json":{"title":"FAQ - Pharmaspecific Portage","robots":{"index":"index","follow":"follow","max-snippet":"max-snippet:-1","max-image-preview":"max-image-preview:large","max-video-preview":"max-video-preview:-1"},"canonical":"https:\/\/pharmaspecific-portage.com\/en\/faq\/","og_locale":"en_US","og_type":"article","og_title":"FAQ - Pharmaspecific Portage","og_description":"FAQ C\u2019est quoi le portage salarial ? Le portage salarial est une solution qui permet \u00e0 un consultant de r\u00e9aliser des missions pour des clients tout en b\u00e9n\u00e9ficiant du statut de salari\u00e9. Concr\u00e8tement, Pharmaspecific Portage : emploie le consultant, signe les contrats avec les clients, facture les prestations, g\u00e8re l\u2019ensemble des obligations administratives, sociales et...","og_url":"https:\/\/pharmaspecific-portage.com\/en\/faq\/","og_site_name":"Pharmaspecific Portage","article_modified_time":"2025-12-23T13:59:58+00:00","og_image":[{"url":"https:\/\/pharmaspecific-portage.com\/wp-content\/uploads\/2025\/12\/Hero-banner-3-768x512.jpg","type":"","width":"","height":""}],"twitter_card":"summary_large_image","twitter_misc":{"Est. reading time":"2 minutes"},"schema":{"@context":"https:\/\/schema.org","@graph":[{"@type":"WebPage","@id":"https:\/\/pharmaspecific-portage.com\/faq\/","url":"https:\/\/pharmaspecific-portage.com\/faq\/","name":"FAQ - Pharmaspecific Portage","isPartOf":{"@id":"https:\/\/pharmaspecific-portage.com\/#website"},"primaryImageOfPage":{"@id":"https:\/\/pharmaspecific-portage.com\/faq\/#primaryimage"},"image":{"@id":"https:\/\/pharmaspecific-portage.com\/faq\/#primaryimage"},"thumbnailUrl":"https:\/\/pharmaspecific-portage.com\/wp-content\/uploads\/2025\/12\/Hero-banner-3-768x512.jpg","datePublished":"2020-02-13T21:40:33+00:00","dateModified":"2025-12-23T13:59:58+00:00","breadcrumb":{"@id":"https:\/\/pharmaspecific-portage.com\/faq\/#breadcrumb"},"inLanguage":"en-US","potentialAction":[{"@type":"ReadAction","target":["https:\/\/pharmaspecific-portage.com\/faq\/"]}]},{"@type":"ImageObject","inLanguage":"en-US","@id":"https:\/\/pharmaspecific-portage.com\/faq\/#primaryimage","url":"https:\/\/pharmaspecific-portage.com\/wp-content\/uploads\/2025\/12\/Hero-banner-3-768x512.jpg","contentUrl":"https:\/\/pharmaspecific-portage.com\/wp-content\/uploads\/2025\/12\/Hero-banner-3-768x512.jpg"},{"@type":"BreadcrumbList","@id":"https:\/\/pharmaspecific-portage.com\/faq\/#breadcrumb","itemListElement":[{"@type":"ListItem","position":1,"name":"Accueil","item":"https:\/\/pharmaspecific-portage.com\/"},{"@type":"ListItem","position":2,"name":"FAQ"}]},{"@type":"WebSite","@id":"https:\/\/pharmaspecific-portage.com\/#website","url":"https:\/\/pharmaspecific-portage.com\/","name":"Pharmaspecific Portage","description":"Scientific excellence, delivered with precision.","publisher":{"@id":"https:\/\/pharmaspecific-portage.com\/#organization"},"potentialAction":[{"@type":"SearchAction","target":{"@type":"EntryPoint","urlTemplate":"https:\/\/pharmaspecific-portage.com\/?s={search_term_string}"},"query-input":{"@type":"PropertyValueSpecification","valueRequired":true,"valueName":"search_term_string"}}],"inLanguage":"en-US"},{"@type":"Organization","@id":"https:\/\/pharmaspecific-portage.com\/#organization","name":"Pharmaspecific Portage","url":"https:\/\/pharmaspecific-portage.com\/","logo":{"@type":"ImageObject","inLanguage":"en-US","@id":"https:\/\/pharmaspecific-portage.com\/#\/schema\/logo\/image\/","url":"https:\/\/pharmaspecific-portage.com\/wp-content\/uploads\/2025\/12\/Logo-pharmaspecific-portage-1.png","contentUrl":"https:\/\/pharmaspecific-portage.com\/wp-content\/uploads\/2025\/12\/Logo-pharmaspecific-portage-1.png","width":1536,"height":1024,"caption":"Pharmaspecific Portage"},"image":{"@id":"https:\/\/pharmaspecific-portage.com\/#\/schema\/logo\/image\/"}}]}},"_links":{"self":[{"href":"https:\/\/pharmaspecific-portage.com\/en\/wp-json\/wp\/v2\/pages\/2161","targetHints":{"allow":["GET"]}}],"collection":[{"href":"https:\/\/pharmaspecific-portage.com\/en\/wp-json\/wp\/v2\/pages"}],"about":[{"href":"https:\/\/pharmaspecific-portage.com\/en\/wp-json\/wp\/v2\/types\/page"}],"author":[{"embeddable":true,"href":"https:\/\/pharmaspecific-portage.com\/en\/wp-json\/wp\/v2\/users\/2"}],"replies":[{"embeddable":true,"href":"https:\/\/pharmaspecific-portage.com\/en\/wp-json\/wp\/v2\/comments?post=2161"}],"version-history":[{"count":7,"href":"https:\/\/pharmaspecific-portage.com\/en\/wp-json\/wp\/v2\/pages\/2161\/revisions"}],"predecessor-version":[{"id":4335,"href":"https:\/\/pharmaspecific-portage.com\/en\/wp-json\/wp\/v2\/pages\/2161\/revisions\/4335"}],"wp:attachment":[{"href":"https:\/\/pharmaspecific-portage.com\/en\/wp-json\/wp\/v2\/media?parent=2161"}],"curies":[{"name":"wp","href":"https:\/\/api.w.org\/{rel}","templated":true}]}}