{"id":4153,"date":"2025-12-23T13:22:07","date_gmt":"2025-12-23T12:22:07","guid":{"rendered":"https:\/\/pharmaspecific-portage.com\/?page_id=4153"},"modified":"2025-12-23T13:22:07","modified_gmt":"2025-12-23T12:22:07","slug":"support-en-recherche-clinique","status":"publish","type":"page","link":"https:\/\/pharmaspecific-portage.com\/en\/support-en-recherche-clinique\/","title":{"rendered":"Clinical Research Services"},"content":{"rendered":"<p>Pharmaspecific Portage fournit un <strong>support op\u00e9rationnel complet pour la recherche clinique<\/strong>, du site au promoteur.<\/p>\n<p><strong>Types d\u2019\u00e9tudes accompagn\u00e9es<\/strong><\/p>\n<ul>\n<li>Essais cliniques<\/li>\n<li>\u00c9tudes observationnelles<\/li>\n<li>Registres patients<\/li>\n<li>\u00c9tudes en vie r\u00e9elle (RWE)<\/li>\n<\/ul>\n<p><strong>Profils mis \u00e0 disposition<\/strong><\/p>\n<ul>\n<li>ARC (Attach\u00e9s de Recherche Clinique)<\/li>\n<li>TEC \/ Study Coordinators<\/li>\n<li>Coordinateurs d\u2019\u00e9tudes<\/li>\n<li>Data managers<\/li>\n<li>Biostatisticians<\/li>\n<\/ul>\n<p><strong>Standards et exigences<\/strong><\/p>\n<p>Nous travaillons strictement selon :<\/p>\n<ul>\n<li>ICH-GCP<\/li>\n<li>SOP valid\u00e9es<\/li>\n<li>Documentation r\u00e9glementaire compl\u00e8te<\/li>\n<li>Pr\u00e9paration et accompagnement des audits<\/li>\n<li>Tra\u00e7abilit\u00e9 et qualit\u00e9 des donn\u00e9es<\/li>\n<\/ul>\n<p>\ud83d\udc49 Une approche rigoureuse, conforme et s\u00e9curis\u00e9e pour vos projets cliniques.<\/p>","protected":false},"excerpt":{"rendered":"<p>Pharmaspecific Portage fournit un support op\u00e9rationnel complet pour la recherche clinique, du site au promoteur. Types d\u2019\u00e9tudes accompagn\u00e9es Essais cliniques \u00c9tudes observationnelles Registres patients \u00c9tudes en vie r\u00e9elle (RWE) Profils mis \u00e0 disposition ARC (Attach\u00e9s de Recherche Clinique) TEC \/ Study Coordinators Coordinateurs d\u2019\u00e9tudes Data managers Biostatisticiens Standards et exigences Nous travaillons strictement selon :&#8230;<\/p>","protected":false},"author":2,"featured_media":0,"parent":0,"menu_order":0,"comment_status":"closed","ping_status":"closed","template":"","meta":{"_acf_changed":false,"footnotes":""},"class_list":{"0":"post-4153","1":"page","2":"type-page","3":"status-publish","4":"hentry","5":"nt-post-class","6":"","7":"masonry-item","8":"col-lg-4","10":"thumb-none","12":"excerpt-none"},"acf":[],"yoast_head":"<!-- This site is optimized with the Yoast SEO plugin v26.9 - https:\/\/yoast.com\/product\/yoast-seo-wordpress\/ -->\n<title>Support en recherche clinique - Pharmaspecific Portage<\/title>\n<meta name=\"robots\" content=\"index, follow, max-snippet:-1, max-image-preview:large, max-video-preview:-1\" \/>\n<link rel=\"canonical\" href=\"https:\/\/pharmaspecific-portage.com\/en\/support-en-recherche-clinique\/\" \/>\n<meta property=\"og:locale\" content=\"en_US\" \/>\n<meta property=\"og:type\" content=\"article\" \/>\n<meta property=\"og:title\" content=\"Support en recherche clinique - Pharmaspecific Portage\" \/>\n<meta property=\"og:description\" content=\"Pharmaspecific Portage fournit un support op\u00e9rationnel complet pour la recherche clinique, du site au promoteur. Types d\u2019\u00e9tudes accompagn\u00e9es Essais cliniques \u00c9tudes observationnelles Registres patients \u00c9tudes en vie r\u00e9elle (RWE) Profils mis \u00e0 disposition ARC (Attach\u00e9s de Recherche Clinique) TEC \/ Study Coordinators Coordinateurs d\u2019\u00e9tudes Data managers Biostatisticiens Standards et exigences Nous travaillons strictement selon :...\" \/>\n<meta property=\"og:url\" content=\"https:\/\/pharmaspecific-portage.com\/en\/support-en-recherche-clinique\/\" \/>\n<meta property=\"og:site_name\" content=\"Pharmaspecific Portage\" \/>\n<meta name=\"twitter:card\" content=\"summary_large_image\" \/>\n<script type=\"application\/ld+json\" class=\"yoast-schema-graph\">{\"@context\":\"https:\/\/schema.org\",\"@graph\":[{\"@type\":\"WebPage\",\"@id\":\"https:\/\/pharmaspecific-portage.com\/support-en-recherche-clinique\/\",\"url\":\"https:\/\/pharmaspecific-portage.com\/support-en-recherche-clinique\/\",\"name\":\"Support en recherche clinique - Pharmaspecific Portage\",\"isPartOf\":{\"@id\":\"https:\/\/pharmaspecific-portage.com\/#website\"},\"datePublished\":\"2025-12-23T12:22:07+00:00\",\"breadcrumb\":{\"@id\":\"https:\/\/pharmaspecific-portage.com\/support-en-recherche-clinique\/#breadcrumb\"},\"inLanguage\":\"en-US\",\"potentialAction\":[{\"@type\":\"ReadAction\",\"target\":[\"https:\/\/pharmaspecific-portage.com\/support-en-recherche-clinique\/\"]}]},{\"@type\":\"BreadcrumbList\",\"@id\":\"https:\/\/pharmaspecific-portage.com\/support-en-recherche-clinique\/#breadcrumb\",\"itemListElement\":[{\"@type\":\"ListItem\",\"position\":1,\"name\":\"Accueil\",\"item\":\"https:\/\/pharmaspecific-portage.com\/\"},{\"@type\":\"ListItem\",\"position\":2,\"name\":\"Support en recherche clinique\"}]},{\"@type\":\"WebSite\",\"@id\":\"https:\/\/pharmaspecific-portage.com\/#website\",\"url\":\"https:\/\/pharmaspecific-portage.com\/\",\"name\":\"Pharmaspecific Portage\",\"description\":\"Scientific excellence, delivered with precision.\",\"publisher\":{\"@id\":\"https:\/\/pharmaspecific-portage.com\/#organization\"},\"potentialAction\":[{\"@type\":\"SearchAction\",\"target\":{\"@type\":\"EntryPoint\",\"urlTemplate\":\"https:\/\/pharmaspecific-portage.com\/?s={search_term_string}\"},\"query-input\":{\"@type\":\"PropertyValueSpecification\",\"valueRequired\":true,\"valueName\":\"search_term_string\"}}],\"inLanguage\":\"en-US\"},{\"@type\":\"Organization\",\"@id\":\"https:\/\/pharmaspecific-portage.com\/#organization\",\"name\":\"Pharmaspecific Portage\",\"url\":\"https:\/\/pharmaspecific-portage.com\/\",\"logo\":{\"@type\":\"ImageObject\",\"inLanguage\":\"en-US\",\"@id\":\"https:\/\/pharmaspecific-portage.com\/#\/schema\/logo\/image\/\",\"url\":\"https:\/\/pharmaspecific-portage.com\/wp-content\/uploads\/2025\/12\/Logo-pharmaspecific-portage-1.png\",\"contentUrl\":\"https:\/\/pharmaspecific-portage.com\/wp-content\/uploads\/2025\/12\/Logo-pharmaspecific-portage-1.png\",\"width\":1536,\"height\":1024,\"caption\":\"Pharmaspecific Portage\"},\"image\":{\"@id\":\"https:\/\/pharmaspecific-portage.com\/#\/schema\/logo\/image\/\"}}]}<\/script>\n<!-- \/ Yoast SEO plugin. -->","yoast_head_json":{"title":"Support en recherche clinique - Pharmaspecific Portage","robots":{"index":"index","follow":"follow","max-snippet":"max-snippet:-1","max-image-preview":"max-image-preview:large","max-video-preview":"max-video-preview:-1"},"canonical":"https:\/\/pharmaspecific-portage.com\/en\/support-en-recherche-clinique\/","og_locale":"en_US","og_type":"article","og_title":"Support en recherche clinique - Pharmaspecific Portage","og_description":"Pharmaspecific Portage fournit un support op\u00e9rationnel complet pour la recherche clinique, du site au promoteur. Types d\u2019\u00e9tudes accompagn\u00e9es Essais cliniques \u00c9tudes observationnelles Registres patients \u00c9tudes en vie r\u00e9elle (RWE) Profils mis \u00e0 disposition ARC (Attach\u00e9s de Recherche Clinique) TEC \/ Study Coordinators Coordinateurs d\u2019\u00e9tudes Data managers Biostatisticiens Standards et exigences Nous travaillons strictement selon :...","og_url":"https:\/\/pharmaspecific-portage.com\/en\/support-en-recherche-clinique\/","og_site_name":"Pharmaspecific Portage","twitter_card":"summary_large_image","schema":{"@context":"https:\/\/schema.org","@graph":[{"@type":"WebPage","@id":"https:\/\/pharmaspecific-portage.com\/support-en-recherche-clinique\/","url":"https:\/\/pharmaspecific-portage.com\/support-en-recherche-clinique\/","name":"Support en recherche clinique - Pharmaspecific Portage","isPartOf":{"@id":"https:\/\/pharmaspecific-portage.com\/#website"},"datePublished":"2025-12-23T12:22:07+00:00","breadcrumb":{"@id":"https:\/\/pharmaspecific-portage.com\/support-en-recherche-clinique\/#breadcrumb"},"inLanguage":"en-US","potentialAction":[{"@type":"ReadAction","target":["https:\/\/pharmaspecific-portage.com\/support-en-recherche-clinique\/"]}]},{"@type":"BreadcrumbList","@id":"https:\/\/pharmaspecific-portage.com\/support-en-recherche-clinique\/#breadcrumb","itemListElement":[{"@type":"ListItem","position":1,"name":"Accueil","item":"https:\/\/pharmaspecific-portage.com\/"},{"@type":"ListItem","position":2,"name":"Support en recherche clinique"}]},{"@type":"WebSite","@id":"https:\/\/pharmaspecific-portage.com\/#website","url":"https:\/\/pharmaspecific-portage.com\/","name":"Pharmaspecific Portage","description":"Scientific excellence, delivered with precision.","publisher":{"@id":"https:\/\/pharmaspecific-portage.com\/#organization"},"potentialAction":[{"@type":"SearchAction","target":{"@type":"EntryPoint","urlTemplate":"https:\/\/pharmaspecific-portage.com\/?s={search_term_string}"},"query-input":{"@type":"PropertyValueSpecification","valueRequired":true,"valueName":"search_term_string"}}],"inLanguage":"en-US"},{"@type":"Organization","@id":"https:\/\/pharmaspecific-portage.com\/#organization","name":"Pharmaspecific Portage","url":"https:\/\/pharmaspecific-portage.com\/","logo":{"@type":"ImageObject","inLanguage":"en-US","@id":"https:\/\/pharmaspecific-portage.com\/#\/schema\/logo\/image\/","url":"https:\/\/pharmaspecific-portage.com\/wp-content\/uploads\/2025\/12\/Logo-pharmaspecific-portage-1.png","contentUrl":"https:\/\/pharmaspecific-portage.com\/wp-content\/uploads\/2025\/12\/Logo-pharmaspecific-portage-1.png","width":1536,"height":1024,"caption":"Pharmaspecific Portage"},"image":{"@id":"https:\/\/pharmaspecific-portage.com\/#\/schema\/logo\/image\/"}}]}},"_links":{"self":[{"href":"https:\/\/pharmaspecific-portage.com\/en\/wp-json\/wp\/v2\/pages\/4153","targetHints":{"allow":["GET"]}}],"collection":[{"href":"https:\/\/pharmaspecific-portage.com\/en\/wp-json\/wp\/v2\/pages"}],"about":[{"href":"https:\/\/pharmaspecific-portage.com\/en\/wp-json\/wp\/v2\/types\/page"}],"author":[{"embeddable":true,"href":"https:\/\/pharmaspecific-portage.com\/en\/wp-json\/wp\/v2\/users\/2"}],"replies":[{"embeddable":true,"href":"https:\/\/pharmaspecific-portage.com\/en\/wp-json\/wp\/v2\/comments?post=4153"}],"version-history":[{"count":1,"href":"https:\/\/pharmaspecific-portage.com\/en\/wp-json\/wp\/v2\/pages\/4153\/revisions"}],"predecessor-version":[{"id":4154,"href":"https:\/\/pharmaspecific-portage.com\/en\/wp-json\/wp\/v2\/pages\/4153\/revisions\/4154"}],"wp:attachment":[{"href":"https:\/\/pharmaspecific-portage.com\/en\/wp-json\/wp\/v2\/media?parent=4153"}],"curies":[{"name":"wp","href":"https:\/\/api.w.org\/{rel}","templated":true}]}}