{"id":4155,"date":"2025-12-23T13:23:12","date_gmt":"2025-12-23T12:23:12","guid":{"rendered":"https:\/\/pharmaspecific-portage.com\/?page_id=4155"},"modified":"2025-12-23T13:23:12","modified_gmt":"2025-12-23T12:23:12","slug":"data-biostatistique-sante-publique","status":"publish","type":"page","link":"https:\/\/pharmaspecific-portage.com\/en\/data-biostatistique-sante-publique\/","title":{"rendered":"Data, biostatistique &#038; sant\u00e9 publique"},"content":{"rendered":"<p>Nous accompagnons les acteurs de la sant\u00e9 et du d\u00e9veloppement dans la <strong>valorisation, l\u2019analyse et l\u2019exploitation des donn\u00e9es de sant\u00e9<\/strong>.<\/p>\n<p><strong>Prestations propos\u00e9es<\/strong><\/p>\n<ul>\n<li>Analyses statistiques avanc\u00e9es<\/li>\n<li>Tableaux de bord &amp; dashboards d\u00e9cisionnels<\/li>\n<li>Rapports pour bailleurs et institutions<\/li>\n<li>Analyses d\u2019impact et indicateurs de performance<\/li>\n<\/ul>\n<p><strong>Applications<\/strong><\/p>\n<ul>\n<li>Programmes de sant\u00e9 publique<\/li>\n<li>Projets ONG &amp; bailleurs<\/li>\n<li>\u00c9tudes cliniques et observationnelles<\/li>\n<li>\u00c9valuations de programmes<\/li>\n<\/ul>\n<p><strong>Profils mobilis\u00e9s<\/strong><\/p>\n<ul>\n<li>Biostatisticians<\/li>\n<li>Epidemiologists<\/li>\n<li>Analysts en donn\u00e9es de sant\u00e9<\/li>\n<li>Experts M&amp;E data-driven<\/li>\n<\/ul>\n<p>\ud83d\udc49 Transformez vos donn\u00e9es en d\u00e9cisions fiables et conformes aux attentes des financeurs.<\/p>","protected":false},"excerpt":{"rendered":"<p>Nous accompagnons les acteurs de la sant\u00e9 et du d\u00e9veloppement dans la valorisation, l\u2019analyse et l\u2019exploitation des donn\u00e9es de sant\u00e9. Prestations propos\u00e9es Analyses statistiques avanc\u00e9es Tableaux de bord &amp; dashboards d\u00e9cisionnels Rapports pour bailleurs et institutions Analyses d\u2019impact et indicateurs de performance Applications Programmes de sant\u00e9 publique Projets ONG &amp; bailleurs \u00c9tudes cliniques et observationnelles&#8230;<\/p>","protected":false},"author":2,"featured_media":0,"parent":0,"menu_order":0,"comment_status":"closed","ping_status":"closed","template":"","meta":{"_acf_changed":false,"footnotes":""},"class_list":{"0":"post-4155","1":"page","2":"type-page","3":"status-publish","4":"hentry","5":"nt-post-class","6":"","7":"masonry-item","8":"col-lg-4","10":"thumb-none","12":"excerpt-none"},"acf":[],"yoast_head":"<!-- This site is optimized with the Yoast SEO plugin v26.9 - https:\/\/yoast.com\/product\/yoast-seo-wordpress\/ -->\n<title>Data, biostatistique &amp; sant\u00e9 publique - Pharmaspecific Portage<\/title>\n<meta name=\"robots\" content=\"index, follow, max-snippet:-1, max-image-preview:large, max-video-preview:-1\" \/>\n<link rel=\"canonical\" href=\"https:\/\/pharmaspecific-portage.com\/en\/data-biostatistique-sante-publique\/\" \/>\n<meta property=\"og:locale\" content=\"en_US\" \/>\n<meta property=\"og:type\" content=\"article\" \/>\n<meta property=\"og:title\" content=\"Data, biostatistique &amp; sant\u00e9 publique - Pharmaspecific Portage\" \/>\n<meta property=\"og:description\" content=\"Nous accompagnons les acteurs de la sant\u00e9 et du d\u00e9veloppement dans la valorisation, l\u2019analyse et l\u2019exploitation des donn\u00e9es de sant\u00e9. Prestations propos\u00e9es Analyses statistiques avanc\u00e9es Tableaux de bord &amp; dashboards d\u00e9cisionnels Rapports pour bailleurs et institutions Analyses d\u2019impact et indicateurs de performance Applications Programmes de sant\u00e9 publique Projets ONG &amp; bailleurs \u00c9tudes cliniques et observationnelles...\" \/>\n<meta property=\"og:url\" content=\"https:\/\/pharmaspecific-portage.com\/en\/data-biostatistique-sante-publique\/\" \/>\n<meta property=\"og:site_name\" content=\"Pharmaspecific Portage\" \/>\n<meta name=\"twitter:card\" content=\"summary_large_image\" \/>\n<script type=\"application\/ld+json\" class=\"yoast-schema-graph\">{\"@context\":\"https:\/\/schema.org\",\"@graph\":[{\"@type\":\"WebPage\",\"@id\":\"https:\/\/pharmaspecific-portage.com\/data-biostatistique-sante-publique\/\",\"url\":\"https:\/\/pharmaspecific-portage.com\/data-biostatistique-sante-publique\/\",\"name\":\"Data, biostatistique & sant\u00e9 publique - Pharmaspecific Portage\",\"isPartOf\":{\"@id\":\"https:\/\/pharmaspecific-portage.com\/#website\"},\"datePublished\":\"2025-12-23T12:23:12+00:00\",\"breadcrumb\":{\"@id\":\"https:\/\/pharmaspecific-portage.com\/data-biostatistique-sante-publique\/#breadcrumb\"},\"inLanguage\":\"en-US\",\"potentialAction\":[{\"@type\":\"ReadAction\",\"target\":[\"https:\/\/pharmaspecific-portage.com\/data-biostatistique-sante-publique\/\"]}]},{\"@type\":\"BreadcrumbList\",\"@id\":\"https:\/\/pharmaspecific-portage.com\/data-biostatistique-sante-publique\/#breadcrumb\",\"itemListElement\":[{\"@type\":\"ListItem\",\"position\":1,\"name\":\"Accueil\",\"item\":\"https:\/\/pharmaspecific-portage.com\/\"},{\"@type\":\"ListItem\",\"position\":2,\"name\":\"Data, biostatistique &#038; sant\u00e9 publique\"}]},{\"@type\":\"WebSite\",\"@id\":\"https:\/\/pharmaspecific-portage.com\/#website\",\"url\":\"https:\/\/pharmaspecific-portage.com\/\",\"name\":\"Pharmaspecific Portage\",\"description\":\"Scientific excellence, delivered with precision.\",\"publisher\":{\"@id\":\"https:\/\/pharmaspecific-portage.com\/#organization\"},\"potentialAction\":[{\"@type\":\"SearchAction\",\"target\":{\"@type\":\"EntryPoint\",\"urlTemplate\":\"https:\/\/pharmaspecific-portage.com\/?s={search_term_string}\"},\"query-input\":{\"@type\":\"PropertyValueSpecification\",\"valueRequired\":true,\"valueName\":\"search_term_string\"}}],\"inLanguage\":\"en-US\"},{\"@type\":\"Organization\",\"@id\":\"https:\/\/pharmaspecific-portage.com\/#organization\",\"name\":\"Pharmaspecific Portage\",\"url\":\"https:\/\/pharmaspecific-portage.com\/\",\"logo\":{\"@type\":\"ImageObject\",\"inLanguage\":\"en-US\",\"@id\":\"https:\/\/pharmaspecific-portage.com\/#\/schema\/logo\/image\/\",\"url\":\"https:\/\/pharmaspecific-portage.com\/wp-content\/uploads\/2025\/12\/Logo-pharmaspecific-portage-1.png\",\"contentUrl\":\"https:\/\/pharmaspecific-portage.com\/wp-content\/uploads\/2025\/12\/Logo-pharmaspecific-portage-1.png\",\"width\":1536,\"height\":1024,\"caption\":\"Pharmaspecific Portage\"},\"image\":{\"@id\":\"https:\/\/pharmaspecific-portage.com\/#\/schema\/logo\/image\/\"}}]}<\/script>\n<!-- \/ Yoast SEO plugin. -->","yoast_head_json":{"title":"Data, biostatistique & sant\u00e9 publique - Pharmaspecific Portage","robots":{"index":"index","follow":"follow","max-snippet":"max-snippet:-1","max-image-preview":"max-image-preview:large","max-video-preview":"max-video-preview:-1"},"canonical":"https:\/\/pharmaspecific-portage.com\/en\/data-biostatistique-sante-publique\/","og_locale":"en_US","og_type":"article","og_title":"Data, biostatistique & sant\u00e9 publique - Pharmaspecific Portage","og_description":"Nous accompagnons les acteurs de la sant\u00e9 et du d\u00e9veloppement dans la valorisation, l\u2019analyse et l\u2019exploitation des donn\u00e9es de sant\u00e9. Prestations propos\u00e9es Analyses statistiques avanc\u00e9es Tableaux de bord &amp; dashboards d\u00e9cisionnels Rapports pour bailleurs et institutions Analyses d\u2019impact et indicateurs de performance Applications Programmes de sant\u00e9 publique Projets ONG &amp; bailleurs \u00c9tudes cliniques et observationnelles...","og_url":"https:\/\/pharmaspecific-portage.com\/en\/data-biostatistique-sante-publique\/","og_site_name":"Pharmaspecific Portage","twitter_card":"summary_large_image","schema":{"@context":"https:\/\/schema.org","@graph":[{"@type":"WebPage","@id":"https:\/\/pharmaspecific-portage.com\/data-biostatistique-sante-publique\/","url":"https:\/\/pharmaspecific-portage.com\/data-biostatistique-sante-publique\/","name":"Data, biostatistique & sant\u00e9 publique - Pharmaspecific Portage","isPartOf":{"@id":"https:\/\/pharmaspecific-portage.com\/#website"},"datePublished":"2025-12-23T12:23:12+00:00","breadcrumb":{"@id":"https:\/\/pharmaspecific-portage.com\/data-biostatistique-sante-publique\/#breadcrumb"},"inLanguage":"en-US","potentialAction":[{"@type":"ReadAction","target":["https:\/\/pharmaspecific-portage.com\/data-biostatistique-sante-publique\/"]}]},{"@type":"BreadcrumbList","@id":"https:\/\/pharmaspecific-portage.com\/data-biostatistique-sante-publique\/#breadcrumb","itemListElement":[{"@type":"ListItem","position":1,"name":"Accueil","item":"https:\/\/pharmaspecific-portage.com\/"},{"@type":"ListItem","position":2,"name":"Data, biostatistique &#038; sant\u00e9 publique"}]},{"@type":"WebSite","@id":"https:\/\/pharmaspecific-portage.com\/#website","url":"https:\/\/pharmaspecific-portage.com\/","name":"Pharmaspecific Portage","description":"Scientific excellence, delivered with precision.","publisher":{"@id":"https:\/\/pharmaspecific-portage.com\/#organization"},"potentialAction":[{"@type":"SearchAction","target":{"@type":"EntryPoint","urlTemplate":"https:\/\/pharmaspecific-portage.com\/?s={search_term_string}"},"query-input":{"@type":"PropertyValueSpecification","valueRequired":true,"valueName":"search_term_string"}}],"inLanguage":"en-US"},{"@type":"Organization","@id":"https:\/\/pharmaspecific-portage.com\/#organization","name":"Pharmaspecific Portage","url":"https:\/\/pharmaspecific-portage.com\/","logo":{"@type":"ImageObject","inLanguage":"en-US","@id":"https:\/\/pharmaspecific-portage.com\/#\/schema\/logo\/image\/","url":"https:\/\/pharmaspecific-portage.com\/wp-content\/uploads\/2025\/12\/Logo-pharmaspecific-portage-1.png","contentUrl":"https:\/\/pharmaspecific-portage.com\/wp-content\/uploads\/2025\/12\/Logo-pharmaspecific-portage-1.png","width":1536,"height":1024,"caption":"Pharmaspecific Portage"},"image":{"@id":"https:\/\/pharmaspecific-portage.com\/#\/schema\/logo\/image\/"}}]}},"_links":{"self":[{"href":"https:\/\/pharmaspecific-portage.com\/en\/wp-json\/wp\/v2\/pages\/4155","targetHints":{"allow":["GET"]}}],"collection":[{"href":"https:\/\/pharmaspecific-portage.com\/en\/wp-json\/wp\/v2\/pages"}],"about":[{"href":"https:\/\/pharmaspecific-portage.com\/en\/wp-json\/wp\/v2\/types\/page"}],"author":[{"embeddable":true,"href":"https:\/\/pharmaspecific-portage.com\/en\/wp-json\/wp\/v2\/users\/2"}],"replies":[{"embeddable":true,"href":"https:\/\/pharmaspecific-portage.com\/en\/wp-json\/wp\/v2\/comments?post=4155"}],"version-history":[{"count":1,"href":"https:\/\/pharmaspecific-portage.com\/en\/wp-json\/wp\/v2\/pages\/4155\/revisions"}],"predecessor-version":[{"id":4156,"href":"https:\/\/pharmaspecific-portage.com\/en\/wp-json\/wp\/v2\/pages\/4155\/revisions\/4156"}],"wp:attachment":[{"href":"https:\/\/pharmaspecific-portage.com\/en\/wp-json\/wp\/v2\/media?parent=4155"}],"curies":[{"name":"wp","href":"https:\/\/api.w.org\/{rel}","templated":true}]}}