{"id":4215,"date":"2025-12-23T15:28:58","date_gmt":"2025-12-23T14:28:58","guid":{"rendered":"https:\/\/pharmaspecific-portage.com\/?page_id=4215"},"modified":"2026-01-07T08:36:21","modified_gmt":"2026-01-07T07:36:21","slug":"nos-consultants","status":"publish","type":"page","link":"https:\/\/pharmaspecific-portage.com\/en\/nos-consultants\/","title":{"rendered":"Our Consultants"},"content":{"rendered":"\t\t<div data-elementor-type=\"wp-page\" data-elementor-id=\"4215\" class=\"elementor elementor-4215\">\n\t\t\t\t<div class=\"elementor-element elementor-element-9eab7fd e-flex e-con-boxed e-con e-parent\" data-id=\"9eab7fd\" data-element_type=\"container\" data-e-type=\"container\">\n\t\t\t\t\t<div class=\"e-con-inner\">\n\t\t\t\t<div class=\"elementor-element elementor-element-7bc868e naturally-transform transform-type-translate elementor-widget elementor-widget-heading\" data-id=\"7bc868e\" data-element_type=\"widget\" data-e-type=\"widget\" data-widget_type=\"heading.default\">\n\t\t\t\t\t<h4 class=\"elementor-heading-title elementor-size-default\">Un vivier s\u00e9lectionn\u00e9 d\u2019experts exp\u00e9riment\u00e9s en sciences, recherche clinique et sant\u00e9 publique.<\/h4>\t\t\t\t<\/div>\n\t\t\t\t<div class=\"elementor-element elementor-element-6d5caf1 elementor-widget elementor-widget-shortcode\" data-id=\"6d5caf1\" data-element_type=\"widget\" data-e-type=\"widget\" data-widget_type=\"shortcode.default\">\n\t\t\t\t\t\t\t<div class=\"elementor-shortcode\">\n\t   \n\t\t<div id=\"gm-9yMtmxbr\" \n\t\t\tdata-grid-style=\"style-2\"\n\t\t\tclass=\"am_ajax_post_grid_wrap gm-9yMtmxbr gridmaster-style-2\"\n\t\t\tdata-pagination_type=\"\" \n\t\t\tdata-am_ajax_post_grid='{&quot;post_type&quot;:&quot;consultant&quot;,&quot;posts_per_page&quot;:&quot;4&quot;,&quot;orderby&quot;:&quot;date&quot;,&quot;order&quot;:&quot;DESC&quot;,&quot;title_length&quot;:50,&quot;content_from&quot;:&quot;excerpt&quot;,&quot;excerpt_type&quot;:&quot;characters&quot;,&quot;excerpt_length&quot;:&quot;15&quot;,&quot;show_read_more&quot;:&quot;yes&quot;,&quot;read_more_text&quot;:&quot;Voir plus&quot;,&quot;show_filter&quot;:&quot;yes&quot;,&quot;btn_all&quot;:&quot;yes&quot;,&quot;cat&quot;:&quot;&quot;,&quot;paginate&quot;:&quot;no&quot;,&quot;hide_empty&quot;:&quot;0&quot;,&quot;pagination_type&quot;:&quot;&quot;,&quot;infinite_scroll&quot;:&quot;&quot;,&quot;animation&quot;:&quot;&quot;,&quot;grid_style&quot;:&quot;style-2&quot;,&quot;grid_id&quot;:&quot;gm-9yMtmxbr&quot;,&quot;taxonomy&quot;:&quot;expertise&quot;,&quot;terms&quot;:&quot;&quot;,&quot;grid_image_size&quot;:&quot;full&quot;,&quot;filter_heading&quot;:&quot;Section&quot;,&quot;toggle_filter_items&quot;:&quot;no&quot;,&quot;id&quot;:0}'>\n\n\t\t\t\t\t\t<div class=\"asr-filter-div\">\n\t\t\t\t<!-- Single Filter -->\n\t\t\t\t\t\t\t\t<div class=\"gm-filter-wrap gm-filter-toggle-no\">\n\t\t\t\t\t\t\t\t\t\t\t<div class=\"gm-filter-heading\">\n\t\t\t\t\t\t\t<span>Section<\/span>\n\t\t\t\t\t\t\t\t\t\t\t\t\t<\/div>\n\t\t\t\t\t\n\t\t\t\t\t<div class=\"gm-single-filter\">\n\t\t\t\t\t\t\t\t\t\t\t\t\t\n\t<div class=\"gm-taxonomy-filter  gm-tax-filter-style-default gm-filter-grid-id-gm-9yMtmxbr \">\n        \t\t<div class=\"gm-taxonomy-item gm-taxonomy-all\">\n\t\t\t<input type=\"radio\" name=\"tax_input[expertise][]\" id=\"gm-9yMtmxbr-expertise_all\" value=\"-1\" \/>\n\t\t\t<label class=\"asr_texonomy\" for=\"gm-9yMtmxbr-expertise_all\">All<\/label>\n\t\t<\/div>\n\t\t\t\t\t\t\t<div class=\"gm-taxonomy-item\">\n\t\t\t\t<input type=\"radio\" name=\"tax_input[expertise][]\" id=\"gm-9yMtmxbr-expertise_132\" value=\"132\" \/>\n\t\t\t\t<label class=\"asr_texonomy\" for=\"gm-9yMtmxbr-expertise_132\">Clinical Research<\/label>\n\t\t\t<\/div>\n\t\t\t\t\t<div class=\"gm-taxonomy-item\">\n\t\t\t\t<input type=\"radio\" name=\"tax_input[expertise][]\" id=\"gm-9yMtmxbr-expertise_134\" value=\"134\" \/>\n\t\t\t\t<label class=\"asr_texonomy\" for=\"gm-9yMtmxbr-expertise_134\">Data &amp; Biostatistics<\/label>\n\t\t\t<\/div>\n\t\t\t\t\t<div class=\"gm-taxonomy-item\">\n\t\t\t\t<input type=\"radio\" name=\"tax_input[expertise][]\" id=\"gm-9yMtmxbr-expertise_135\" value=\"135\" \/>\n\t\t\t\t<label class=\"asr_texonomy\" for=\"gm-9yMtmxbr-expertise_135\">Medical &amp; Pharmaceutical<\/label>\n\t\t\t<\/div>\n\t\t\t\t\t<div class=\"gm-taxonomy-item\">\n\t\t\t\t<input type=\"radio\" name=\"tax_input[expertise][]\" id=\"gm-9yMtmxbr-expertise_133\" value=\"133\" \/>\n\t\t\t\t<label class=\"asr_texonomy\" for=\"gm-9yMtmxbr-expertise_133\">Public Health &amp; M&amp;E<\/label>\n\t\t\t<\/div>\n\t\t\t<\/div>\n\t\t\t\t\t<\/div>\n\t\t\t\t<\/div>\n\t\t\t\t<!-- End Single Filter -->\n\t\t\t<\/div>\n\t\t\t\t\t\t\t<div class=\"asr-ajax-container\">\n\t\t\t\t<div class=\"asr-loader\">\n\t\t\t\t\t<div class=\"lds-dual-ring\"><\/div>\n\t\t\t\t<\/div>\n\t\t\t\t<div class=\"asrafp-filter-result\">\n\t\t\t\t\t\n\t\t\t<div class=\"am_post_grid am__col-3 am_layout_1  \">\n\t\t\t\n\t\t\t\n\t\t\t\t<div class=\"am_grid_col\">\n\t<div class=\"am_single_grid\">\n\t\t<div class=\"am_thumb\">\n\t\t\t<img fetchpriority=\"high\" decoding=\"async\" width=\"263\" height=\"238\" src=\"https:\/\/pharmaspecific-portage.com\/wp-content\/uploads\/2026\/01\/pharmacienne.png\" class=\"attachment-full size-full wp-post-image\" alt=\"\" \/>\t\t<\/div>\n\t\t<div class=\"am_cont\">\n            <h2 class=\"am__title\"><a href=\"https:\/\/pharmaspecific-portage.com\/en\/consultant\/medical-writing-consultant\/\">Medical Writing Consultant<\/a><\/h2>            <div class=\"am__excerpt\">\ud83c\udf93 Background<\/div>            <div class=\"gm_read_more\"><a href=\"https:\/\/pharmaspecific-portage.com\/en\/consultant\/medical-writing-consultant\/\" class=\"am__readmore am__read_more_link\">Voir plus<\/a><\/div>\t\t<\/div>\n\t<\/div>\n<\/div>\n\n\t\t\t\n\t\t\t\t<div class=\"am_grid_col\">\n\t<div class=\"am_single_grid\">\n\t\t<div class=\"am_thumb\">\n\t\t\t<img decoding=\"async\" width=\"489\" height=\"600\" src=\"https:\/\/pharmaspecific-portage.com\/wp-content\/uploads\/2026\/01\/homme-1.webp\" class=\"attachment-full size-full wp-post-image\" alt=\"\" srcset=\"https:\/\/pharmaspecific-portage.com\/wp-content\/uploads\/2026\/01\/homme-1.webp 489w, https:\/\/pharmaspecific-portage.com\/wp-content\/uploads\/2026\/01\/homme-1-245x300.webp 245w, https:\/\/pharmaspecific-portage.com\/wp-content\/uploads\/2026\/01\/homme-1-300x368.webp 300w\" sizes=\"(max-width: 489px) 100vw, 489px\" \/>\t\t<\/div>\n\t\t<div class=\"am_cont\">\n            <h2 class=\"am__title\"><a href=\"https:\/\/pharmaspecific-portage.com\/en\/consultant\/market-access-consultant\/\">Market Access Consultant<\/a><\/h2>            <div class=\"am__excerpt\">\ud83c\udf93 Background<\/div>            <div class=\"gm_read_more\"><a href=\"https:\/\/pharmaspecific-portage.com\/en\/consultant\/market-access-consultant\/\" class=\"am__readmore am__read_more_link\">Voir plus<\/a><\/div>\t\t<\/div>\n\t<\/div>\n<\/div>\n\n\t\t\t\n\t\t\t\t<div class=\"am_grid_col\">\n\t<div class=\"am_single_grid\">\n\t\t<div class=\"am_thumb\">\n\t\t\t<img decoding=\"async\" width=\"260\" height=\"264\" src=\"https:\/\/pharmaspecific-portage.com\/wp-content\/uploads\/2026\/01\/pharmacien.png\" class=\"attachment-full size-full wp-post-image\" alt=\"\" \/>\t\t<\/div>\n\t\t<div class=\"am_cont\">\n            <h2 class=\"am__title\"><a href=\"https:\/\/pharmaspecific-portage.com\/en\/consultant\/pharmacovigilance-specialist\/\">Pharmacovigilance Specialist<\/a><\/h2>            <div class=\"am__excerpt\">\ud83c\udf93 Background<\/div>            <div class=\"gm_read_more\"><a href=\"https:\/\/pharmaspecific-portage.com\/en\/consultant\/pharmacovigilance-specialist\/\" class=\"am__readmore am__read_more_link\">Voir plus<\/a><\/div>\t\t<\/div>\n\t<\/div>\n<\/div>\n\n\t\t\t\n\t\t\t\t<div class=\"am_grid_col\">\n\t<div class=\"am_single_grid\">\n\t\t<div class=\"am_thumb\">\n\t\t\t<img loading=\"lazy\" decoding=\"async\" width=\"443\" height=\"600\" src=\"https:\/\/pharmaspecific-portage.com\/wp-content\/uploads\/2026\/01\/medecin_femme.webp\" class=\"attachment-full size-full wp-post-image\" alt=\"\" srcset=\"https:\/\/pharmaspecific-portage.com\/wp-content\/uploads\/2026\/01\/medecin_femme.webp 443w, https:\/\/pharmaspecific-portage.com\/wp-content\/uploads\/2026\/01\/medecin_femme-222x300.webp 222w, https:\/\/pharmaspecific-portage.com\/wp-content\/uploads\/2026\/01\/medecin_femme-300x406.webp 300w\" sizes=\"(max-width: 443px) 100vw, 443px\" \/>\t\t<\/div>\n\t\t<div class=\"am_cont\">\n            <h2 class=\"am__title\"><a href=\"https:\/\/pharmaspecific-portage.com\/en\/consultant\/medical-affairs-consultant\/\">Medical Affairs Consultant<\/a><\/h2>            <div class=\"am__excerpt\">\ud83c\udf93 Background<\/div>            <div class=\"gm_read_more\"><a href=\"https:\/\/pharmaspecific-portage.com\/en\/consultant\/medical-affairs-consultant\/\" class=\"am__readmore am__read_more_link\">Voir plus<\/a><\/div>\t\t<\/div>\n\t<\/div>\n<\/div>\n\n\t\t\t\t\t\t<\/div>\n\n\t\t\t<div class=\"am_posts_navigation\">\n\t\t\t<div class=\"am_posts_navigation_init\"><span aria-label=\"Page 1\" aria-current=\"page\" class=\"page-numbers current\">1<\/span>\n<a aria-label=\"Page 2\" class=\"page-numbers\" href=\"https:\/\/pharmaspecific-portage.com\/en\/wp-json\/wp\/v2\/pages\/4215\/page\/2\/\">2<\/a>\n<a aria-label=\"Page 3\" class=\"page-numbers\" href=\"https:\/\/pharmaspecific-portage.com\/en\/wp-json\/wp\/v2\/pages\/4215\/page\/3\/\">3<\/a>\n<a aria-label=\"Page 4\" class=\"page-numbers\" href=\"https:\/\/pharmaspecific-portage.com\/en\/wp-json\/wp\/v2\/pages\/4215\/page\/4\/\">4<\/a>\n<a class=\"next page-numbers\" href=\"https:\/\/pharmaspecific-portage.com\/en\/wp-json\/wp\/v2\/pages\/4215\/page\/2\/\">\u00bb<\/a><\/div>\t\t\t<\/div>\n\n\t\t\t\t\t\t\t<\/div>\n\t\t\t<\/div>\n\t\t<\/div>\n\t\n\t\t<\/div>\n\t\t\t\t\t\t<\/div>\n\t\t\t\t<div class=\"elementor-element elementor-element-3e5b991 elementor-widget elementor-widget-text-editor\" data-id=\"3e5b991\" data-element_type=\"widget\" data-e-type=\"widget\" data-widget_type=\"text-editor.default\">\n\t\t\t\t\t\t\t\t\t<p><em>For confidentiality and data protection reasons, consultant profiles are presented in an anonymized format. <\/em><em>Detailed profiles are shared upon request.<\/em><\/p>\t\t\t\t\t\t\t\t<\/div>\n\t\t\t\t\t<\/div>\n\t\t\t\t<\/div>\n\t\t\t\t<\/div>\n\t\t","protected":false},"excerpt":{"rendered":"<p>Un vivier s\u00e9lectionn\u00e9 d\u2019experts exp\u00e9riment\u00e9s en sciences, recherche clinique et sant\u00e9 publique. For confidentiality and data protection reasons, consultant profiles are presented in an anonymized format. Detailed profiles are shared upon request.<\/p>","protected":false},"author":2,"featured_media":0,"parent":0,"menu_order":0,"comment_status":"closed","ping_status":"closed","template":"","meta":{"_acf_changed":false,"footnotes":""},"class_list":{"0":"post-4215","1":"page","2":"type-page","3":"status-publish","4":"hentry","5":"nt-post-class","6":"","7":"masonry-item","8":"col-lg-4","12":"excerpt-none"},"acf":[],"yoast_head":"<!-- This site is optimized with the Yoast SEO plugin v26.9 - https:\/\/yoast.com\/product\/yoast-seo-wordpress\/ -->\n<title>Nos consultants - Pharmaspecific Portage<\/title>\n<meta name=\"robots\" content=\"index, follow, max-snippet:-1, max-image-preview:large, max-video-preview:-1\" \/>\n<link rel=\"canonical\" href=\"https:\/\/pharmaspecific-portage.com\/en\/nos-consultants\/\" \/>\n<meta property=\"og:locale\" content=\"en_US\" \/>\n<meta property=\"og:type\" content=\"article\" \/>\n<meta property=\"og:title\" content=\"Nos consultants - Pharmaspecific Portage\" \/>\n<meta property=\"og:description\" content=\"Un vivier s\u00e9lectionn\u00e9 d\u2019experts exp\u00e9riment\u00e9s en sciences, recherche clinique et sant\u00e9 publique. For confidentiality and data protection reasons, consultant profiles are presented in an anonymized format. Detailed profiles are shared upon request.\" \/>\n<meta property=\"og:url\" content=\"https:\/\/pharmaspecific-portage.com\/en\/nos-consultants\/\" \/>\n<meta property=\"og:site_name\" content=\"Pharmaspecific Portage\" \/>\n<meta property=\"article:modified_time\" content=\"2026-01-07T07:36:21+00:00\" \/>\n<meta name=\"twitter:card\" content=\"summary_large_image\" \/>\n<meta name=\"twitter:label1\" content=\"Est. reading time\" \/>\n\t<meta name=\"twitter:data1\" content=\"1 minute\" \/>\n<script type=\"application\/ld+json\" class=\"yoast-schema-graph\">{\"@context\":\"https:\/\/schema.org\",\"@graph\":[{\"@type\":\"WebPage\",\"@id\":\"https:\/\/pharmaspecific-portage.com\/nos-consultants\/\",\"url\":\"https:\/\/pharmaspecific-portage.com\/nos-consultants\/\",\"name\":\"Nos consultants - Pharmaspecific Portage\",\"isPartOf\":{\"@id\":\"https:\/\/pharmaspecific-portage.com\/#website\"},\"datePublished\":\"2025-12-23T14:28:58+00:00\",\"dateModified\":\"2026-01-07T07:36:21+00:00\",\"breadcrumb\":{\"@id\":\"https:\/\/pharmaspecific-portage.com\/nos-consultants\/#breadcrumb\"},\"inLanguage\":\"en-US\",\"potentialAction\":[{\"@type\":\"ReadAction\",\"target\":[\"https:\/\/pharmaspecific-portage.com\/nos-consultants\/\"]}]},{\"@type\":\"BreadcrumbList\",\"@id\":\"https:\/\/pharmaspecific-portage.com\/nos-consultants\/#breadcrumb\",\"itemListElement\":[{\"@type\":\"ListItem\",\"position\":1,\"name\":\"Accueil\",\"item\":\"https:\/\/pharmaspecific-portage.com\/\"},{\"@type\":\"ListItem\",\"position\":2,\"name\":\"Nos consultants\"}]},{\"@type\":\"WebSite\",\"@id\":\"https:\/\/pharmaspecific-portage.com\/#website\",\"url\":\"https:\/\/pharmaspecific-portage.com\/\",\"name\":\"Pharmaspecific Portage\",\"description\":\"Scientific excellence, delivered with precision.\",\"publisher\":{\"@id\":\"https:\/\/pharmaspecific-portage.com\/#organization\"},\"potentialAction\":[{\"@type\":\"SearchAction\",\"target\":{\"@type\":\"EntryPoint\",\"urlTemplate\":\"https:\/\/pharmaspecific-portage.com\/?s={search_term_string}\"},\"query-input\":{\"@type\":\"PropertyValueSpecification\",\"valueRequired\":true,\"valueName\":\"search_term_string\"}}],\"inLanguage\":\"en-US\"},{\"@type\":\"Organization\",\"@id\":\"https:\/\/pharmaspecific-portage.com\/#organization\",\"name\":\"Pharmaspecific Portage\",\"url\":\"https:\/\/pharmaspecific-portage.com\/\",\"logo\":{\"@type\":\"ImageObject\",\"inLanguage\":\"en-US\",\"@id\":\"https:\/\/pharmaspecific-portage.com\/#\/schema\/logo\/image\/\",\"url\":\"https:\/\/pharmaspecific-portage.com\/wp-content\/uploads\/2025\/12\/Logo-pharmaspecific-portage-1.png\",\"contentUrl\":\"https:\/\/pharmaspecific-portage.com\/wp-content\/uploads\/2025\/12\/Logo-pharmaspecific-portage-1.png\",\"width\":1536,\"height\":1024,\"caption\":\"Pharmaspecific Portage\"},\"image\":{\"@id\":\"https:\/\/pharmaspecific-portage.com\/#\/schema\/logo\/image\/\"}}]}<\/script>\n<!-- \/ Yoast SEO plugin. -->","yoast_head_json":{"title":"Nos consultants - Pharmaspecific Portage","robots":{"index":"index","follow":"follow","max-snippet":"max-snippet:-1","max-image-preview":"max-image-preview:large","max-video-preview":"max-video-preview:-1"},"canonical":"https:\/\/pharmaspecific-portage.com\/en\/nos-consultants\/","og_locale":"en_US","og_type":"article","og_title":"Nos consultants - Pharmaspecific Portage","og_description":"Un vivier s\u00e9lectionn\u00e9 d\u2019experts exp\u00e9riment\u00e9s en sciences, recherche clinique et sant\u00e9 publique. For confidentiality and data protection reasons, consultant profiles are presented in an anonymized format. Detailed profiles are shared upon request.","og_url":"https:\/\/pharmaspecific-portage.com\/en\/nos-consultants\/","og_site_name":"Pharmaspecific Portage","article_modified_time":"2026-01-07T07:36:21+00:00","twitter_card":"summary_large_image","twitter_misc":{"Est. reading time":"1 minute"},"schema":{"@context":"https:\/\/schema.org","@graph":[{"@type":"WebPage","@id":"https:\/\/pharmaspecific-portage.com\/nos-consultants\/","url":"https:\/\/pharmaspecific-portage.com\/nos-consultants\/","name":"Nos consultants - Pharmaspecific Portage","isPartOf":{"@id":"https:\/\/pharmaspecific-portage.com\/#website"},"datePublished":"2025-12-23T14:28:58+00:00","dateModified":"2026-01-07T07:36:21+00:00","breadcrumb":{"@id":"https:\/\/pharmaspecific-portage.com\/nos-consultants\/#breadcrumb"},"inLanguage":"en-US","potentialAction":[{"@type":"ReadAction","target":["https:\/\/pharmaspecific-portage.com\/nos-consultants\/"]}]},{"@type":"BreadcrumbList","@id":"https:\/\/pharmaspecific-portage.com\/nos-consultants\/#breadcrumb","itemListElement":[{"@type":"ListItem","position":1,"name":"Accueil","item":"https:\/\/pharmaspecific-portage.com\/"},{"@type":"ListItem","position":2,"name":"Nos consultants"}]},{"@type":"WebSite","@id":"https:\/\/pharmaspecific-portage.com\/#website","url":"https:\/\/pharmaspecific-portage.com\/","name":"Pharmaspecific Portage","description":"Scientific excellence, delivered with precision.","publisher":{"@id":"https:\/\/pharmaspecific-portage.com\/#organization"},"potentialAction":[{"@type":"SearchAction","target":{"@type":"EntryPoint","urlTemplate":"https:\/\/pharmaspecific-portage.com\/?s={search_term_string}"},"query-input":{"@type":"PropertyValueSpecification","valueRequired":true,"valueName":"search_term_string"}}],"inLanguage":"en-US"},{"@type":"Organization","@id":"https:\/\/pharmaspecific-portage.com\/#organization","name":"Pharmaspecific Portage","url":"https:\/\/pharmaspecific-portage.com\/","logo":{"@type":"ImageObject","inLanguage":"en-US","@id":"https:\/\/pharmaspecific-portage.com\/#\/schema\/logo\/image\/","url":"https:\/\/pharmaspecific-portage.com\/wp-content\/uploads\/2025\/12\/Logo-pharmaspecific-portage-1.png","contentUrl":"https:\/\/pharmaspecific-portage.com\/wp-content\/uploads\/2025\/12\/Logo-pharmaspecific-portage-1.png","width":1536,"height":1024,"caption":"Pharmaspecific Portage"},"image":{"@id":"https:\/\/pharmaspecific-portage.com\/#\/schema\/logo\/image\/"}}]}},"_links":{"self":[{"href":"https:\/\/pharmaspecific-portage.com\/en\/wp-json\/wp\/v2\/pages\/4215","targetHints":{"allow":["GET"]}}],"collection":[{"href":"https:\/\/pharmaspecific-portage.com\/en\/wp-json\/wp\/v2\/pages"}],"about":[{"href":"https:\/\/pharmaspecific-portage.com\/en\/wp-json\/wp\/v2\/types\/page"}],"author":[{"embeddable":true,"href":"https:\/\/pharmaspecific-portage.com\/en\/wp-json\/wp\/v2\/users\/2"}],"replies":[{"embeddable":true,"href":"https:\/\/pharmaspecific-portage.com\/en\/wp-json\/wp\/v2\/comments?post=4215"}],"version-history":[{"count":49,"href":"https:\/\/pharmaspecific-portage.com\/en\/wp-json\/wp\/v2\/pages\/4215\/revisions"}],"predecessor-version":[{"id":4325,"href":"https:\/\/pharmaspecific-portage.com\/en\/wp-json\/wp\/v2\/pages\/4215\/revisions\/4325"}],"wp:attachment":[{"href":"https:\/\/pharmaspecific-portage.com\/en\/wp-json\/wp\/v2\/media?parent=4215"}],"curies":[{"name":"wp","href":"https:\/\/api.w.org\/{rel}","templated":true}]}}