{"id":1158,"date":"2020-02-02T16:13:29","date_gmt":"2020-02-02T16:13:29","guid":{"rendered":"https:\/\/ninetheme.com\/themes\/naturally\/?post_type=product&#038;p=1158"},"modified":"2026-01-12T07:37:50","modified_gmt":"2026-01-12T06:37:50","slug":"portage-salarial","status":"publish","type":"product","link":"https:\/\/pharmaspecific-portage.com\/en\/product\/portage-salarial\/","title":{"rendered":"Scientific &amp; Clinical Portage"},"content":{"rendered":"<p>We provide physicians, pharmacists, clinical research staff (CRA\/CRC), data managers, biostatisticians, and epidemiologists through a secure, compliant portage model.\nWe employ consultants locally and manage payroll, taxes, and HR obligations, while offering transparent and simple invoicing to our clients.<\/p>","protected":false},"excerpt":{"rendered":"<p>We provide physicians, pharmacists, clinical research staff (CRA\/CRC), data managers, biostatisticians, and epidemiologists through a secure, compliant portage model.\nWe employ consultants locally and manage payroll, taxes, and HR obligations, while offering transparent and simple invoicing to our clients.<\/p>","protected":false},"featured_media":3921,"comment_status":"open","ping_status":"closed","template":"","meta":{"_acf_changed":false},"product_brand":[],"product_cat":[80],"product_tag":[82,83,81],"class_list":{"0":"post-1158","1":"product","2":"type-product","3":"status-publish","4":"has-post-thumbnail","6":"product_cat-scientifique-clinique","7":"product_tag-clinique","8":"product_tag-portage-salariale","9":"product_tag-scientifique","10":"nt-post-class","11":"","12":"masonry-item","13":"col-lg-4","21":"first","22":"instock","23":"shipping-taxable","24":"product-type-simple"},"acf":[],"yoast_head":"<!-- This site is optimized with the Yoast SEO plugin v26.9 - https:\/\/yoast.com\/product\/yoast-seo-wordpress\/ -->\n<title>Portage salarial scientifique &amp; clinique - Pharmaspecific Portage<\/title>\n<meta name=\"robots\" content=\"index, follow, max-snippet:-1, max-image-preview:large, max-video-preview:-1\" \/>\n<link rel=\"canonical\" href=\"https:\/\/pharmaspecific-portage.com\/en\/product\/portage-salarial\/\" \/>\n<meta property=\"og:locale\" content=\"en_US\" \/>\n<meta property=\"og:type\" content=\"article\" \/>\n<meta property=\"og:title\" content=\"Portage salarial scientifique &amp; clinique - Pharmaspecific Portage\" \/>\n<meta property=\"og:description\" content=\"Mise \u00e0 disposition d\u2019experts (m\u00e9decins, pharmaciens, ARC\/TEC, data managers, biostatisticiens, \u00e9pid\u00e9miologistes) via un mod\u00e8le de portage salarial s\u00e9curis\u00e9. Nous employons les consultants localement et g\u00e9rons la paie, les cotisations et la conformit\u00e9, tout en vous fournissant une facturation simple et transparente.\" \/>\n<meta property=\"og:url\" content=\"https:\/\/pharmaspecific-portage.com\/en\/product\/portage-salarial\/\" \/>\n<meta property=\"og:site_name\" content=\"Pharmaspecific Portage\" \/>\n<meta property=\"article:modified_time\" content=\"2026-01-12T06:37:50+00:00\" \/>\n<meta property=\"og:image\" content=\"https:\/\/pharmaspecific-portage.com\/wp-content\/uploads\/2020\/02\/Portage-salarial-scientifique-clinique-1.png\" \/>\n\t<meta property=\"og:image:width\" content=\"940\" \/>\n\t<meta property=\"og:image:height\" content=\"788\" \/>\n\t<meta property=\"og:image:type\" content=\"image\/png\" \/>\n<meta name=\"twitter:card\" content=\"summary_large_image\" \/>\n<script type=\"application\/ld+json\" class=\"yoast-schema-graph\">{\"@context\":\"https:\/\/schema.org\",\"@graph\":[{\"@type\":\"WebPage\",\"@id\":\"https:\/\/pharmaspecific-portage.com\/produit\/portage-salarial\/\",\"url\":\"https:\/\/pharmaspecific-portage.com\/produit\/portage-salarial\/\",\"name\":\"Portage salarial scientifique & clinique - Pharmaspecific Portage\",\"isPartOf\":{\"@id\":\"https:\/\/pharmaspecific-portage.com\/#website\"},\"primaryImageOfPage\":{\"@id\":\"https:\/\/pharmaspecific-portage.com\/produit\/portage-salarial\/#primaryimage\"},\"image\":{\"@id\":\"https:\/\/pharmaspecific-portage.com\/produit\/portage-salarial\/#primaryimage\"},\"thumbnailUrl\":\"https:\/\/pharmaspecific-portage.com\/wp-content\/uploads\/2020\/02\/Portage-salarial-scientifique-clinique-1.png\",\"datePublished\":\"2020-02-02T16:13:29+00:00\",\"dateModified\":\"2026-01-12T06:37:50+00:00\",\"breadcrumb\":{\"@id\":\"https:\/\/pharmaspecific-portage.com\/produit\/portage-salarial\/#breadcrumb\"},\"inLanguage\":\"en-US\",\"potentialAction\":[{\"@type\":\"ReadAction\",\"target\":[\"https:\/\/pharmaspecific-portage.com\/produit\/portage-salarial\/\"]}]},{\"@type\":\"ImageObject\",\"inLanguage\":\"en-US\",\"@id\":\"https:\/\/pharmaspecific-portage.com\/produit\/portage-salarial\/#primaryimage\",\"url\":\"https:\/\/pharmaspecific-portage.com\/wp-content\/uploads\/2020\/02\/Portage-salarial-scientifique-clinique-1.png\",\"contentUrl\":\"https:\/\/pharmaspecific-portage.com\/wp-content\/uploads\/2020\/02\/Portage-salarial-scientifique-clinique-1.png\",\"width\":940,\"height\":788},{\"@type\":\"BreadcrumbList\",\"@id\":\"https:\/\/pharmaspecific-portage.com\/produit\/portage-salarial\/#breadcrumb\",\"itemListElement\":[{\"@type\":\"ListItem\",\"position\":1,\"name\":\"Accueil\",\"item\":\"https:\/\/pharmaspecific-portage.com\/\"},{\"@type\":\"ListItem\",\"position\":2,\"name\":\"Boutique\",\"item\":\"https:\/\/pharmaspecific-portage.com\/boutique\/\"},{\"@type\":\"ListItem\",\"position\":3,\"name\":\"Portage salarial scientifique &#038; clinique\"}]},{\"@type\":\"WebSite\",\"@id\":\"https:\/\/pharmaspecific-portage.com\/#website\",\"url\":\"https:\/\/pharmaspecific-portage.com\/\",\"name\":\"Pharmaspecific Portage\",\"description\":\"Scientific excellence, delivered with precision.\",\"publisher\":{\"@id\":\"https:\/\/pharmaspecific-portage.com\/#organization\"},\"potentialAction\":[{\"@type\":\"SearchAction\",\"target\":{\"@type\":\"EntryPoint\",\"urlTemplate\":\"https:\/\/pharmaspecific-portage.com\/?s={search_term_string}\"},\"query-input\":{\"@type\":\"PropertyValueSpecification\",\"valueRequired\":true,\"valueName\":\"search_term_string\"}}],\"inLanguage\":\"en-US\"},{\"@type\":\"Organization\",\"@id\":\"https:\/\/pharmaspecific-portage.com\/#organization\",\"name\":\"Pharmaspecific Portage\",\"url\":\"https:\/\/pharmaspecific-portage.com\/\",\"logo\":{\"@type\":\"ImageObject\",\"inLanguage\":\"en-US\",\"@id\":\"https:\/\/pharmaspecific-portage.com\/#\/schema\/logo\/image\/\",\"url\":\"https:\/\/pharmaspecific-portage.com\/wp-content\/uploads\/2025\/12\/Logo-pharmaspecific-portage-1.png\",\"contentUrl\":\"https:\/\/pharmaspecific-portage.com\/wp-content\/uploads\/2025\/12\/Logo-pharmaspecific-portage-1.png\",\"width\":1536,\"height\":1024,\"caption\":\"Pharmaspecific Portage\"},\"image\":{\"@id\":\"https:\/\/pharmaspecific-portage.com\/#\/schema\/logo\/image\/\"}}]}<\/script>\n<!-- \/ Yoast SEO plugin. -->","yoast_head_json":{"title":"Portage salarial scientifique & clinique - Pharmaspecific Portage","robots":{"index":"index","follow":"follow","max-snippet":"max-snippet:-1","max-image-preview":"max-image-preview:large","max-video-preview":"max-video-preview:-1"},"canonical":"https:\/\/pharmaspecific-portage.com\/en\/product\/portage-salarial\/","og_locale":"en_US","og_type":"article","og_title":"Portage salarial scientifique & clinique - Pharmaspecific Portage","og_description":"Mise \u00e0 disposition d\u2019experts (m\u00e9decins, pharmaciens, ARC\/TEC, data managers, biostatisticiens, \u00e9pid\u00e9miologistes) via un mod\u00e8le de portage salarial s\u00e9curis\u00e9. Nous employons les consultants localement et g\u00e9rons la paie, les cotisations et la conformit\u00e9, tout en vous fournissant une facturation simple et transparente.","og_url":"https:\/\/pharmaspecific-portage.com\/en\/product\/portage-salarial\/","og_site_name":"Pharmaspecific Portage","article_modified_time":"2026-01-12T06:37:50+00:00","og_image":[{"width":940,"height":788,"url":"https:\/\/pharmaspecific-portage.com\/wp-content\/uploads\/2020\/02\/Portage-salarial-scientifique-clinique-1.png","type":"image\/png"}],"twitter_card":"summary_large_image","schema":{"@context":"https:\/\/schema.org","@graph":[{"@type":"WebPage","@id":"https:\/\/pharmaspecific-portage.com\/produit\/portage-salarial\/","url":"https:\/\/pharmaspecific-portage.com\/produit\/portage-salarial\/","name":"Portage salarial scientifique & clinique - Pharmaspecific Portage","isPartOf":{"@id":"https:\/\/pharmaspecific-portage.com\/#website"},"primaryImageOfPage":{"@id":"https:\/\/pharmaspecific-portage.com\/produit\/portage-salarial\/#primaryimage"},"image":{"@id":"https:\/\/pharmaspecific-portage.com\/produit\/portage-salarial\/#primaryimage"},"thumbnailUrl":"https:\/\/pharmaspecific-portage.com\/wp-content\/uploads\/2020\/02\/Portage-salarial-scientifique-clinique-1.png","datePublished":"2020-02-02T16:13:29+00:00","dateModified":"2026-01-12T06:37:50+00:00","breadcrumb":{"@id":"https:\/\/pharmaspecific-portage.com\/produit\/portage-salarial\/#breadcrumb"},"inLanguage":"en-US","potentialAction":[{"@type":"ReadAction","target":["https:\/\/pharmaspecific-portage.com\/produit\/portage-salarial\/"]}]},{"@type":"ImageObject","inLanguage":"en-US","@id":"https:\/\/pharmaspecific-portage.com\/produit\/portage-salarial\/#primaryimage","url":"https:\/\/pharmaspecific-portage.com\/wp-content\/uploads\/2020\/02\/Portage-salarial-scientifique-clinique-1.png","contentUrl":"https:\/\/pharmaspecific-portage.com\/wp-content\/uploads\/2020\/02\/Portage-salarial-scientifique-clinique-1.png","width":940,"height":788},{"@type":"BreadcrumbList","@id":"https:\/\/pharmaspecific-portage.com\/produit\/portage-salarial\/#breadcrumb","itemListElement":[{"@type":"ListItem","position":1,"name":"Accueil","item":"https:\/\/pharmaspecific-portage.com\/"},{"@type":"ListItem","position":2,"name":"Boutique","item":"https:\/\/pharmaspecific-portage.com\/boutique\/"},{"@type":"ListItem","position":3,"name":"Portage salarial scientifique &#038; clinique"}]},{"@type":"WebSite","@id":"https:\/\/pharmaspecific-portage.com\/#website","url":"https:\/\/pharmaspecific-portage.com\/","name":"Pharmaspecific Portage","description":"Scientific excellence, delivered with precision.","publisher":{"@id":"https:\/\/pharmaspecific-portage.com\/#organization"},"potentialAction":[{"@type":"SearchAction","target":{"@type":"EntryPoint","urlTemplate":"https:\/\/pharmaspecific-portage.com\/?s={search_term_string}"},"query-input":{"@type":"PropertyValueSpecification","valueRequired":true,"valueName":"search_term_string"}}],"inLanguage":"en-US"},{"@type":"Organization","@id":"https:\/\/pharmaspecific-portage.com\/#organization","name":"Pharmaspecific Portage","url":"https:\/\/pharmaspecific-portage.com\/","logo":{"@type":"ImageObject","inLanguage":"en-US","@id":"https:\/\/pharmaspecific-portage.com\/#\/schema\/logo\/image\/","url":"https:\/\/pharmaspecific-portage.com\/wp-content\/uploads\/2025\/12\/Logo-pharmaspecific-portage-1.png","contentUrl":"https:\/\/pharmaspecific-portage.com\/wp-content\/uploads\/2025\/12\/Logo-pharmaspecific-portage-1.png","width":1536,"height":1024,"caption":"Pharmaspecific Portage"},"image":{"@id":"https:\/\/pharmaspecific-portage.com\/#\/schema\/logo\/image\/"}}]}},"_links":{"self":[{"href":"https:\/\/pharmaspecific-portage.com\/en\/wp-json\/wp\/v2\/product\/1158","targetHints":{"allow":["GET"]}}],"collection":[{"href":"https:\/\/pharmaspecific-portage.com\/en\/wp-json\/wp\/v2\/product"}],"about":[{"href":"https:\/\/pharmaspecific-portage.com\/en\/wp-json\/wp\/v2\/types\/product"}],"replies":[{"embeddable":true,"href":"https:\/\/pharmaspecific-portage.com\/en\/wp-json\/wp\/v2\/comments?post=1158"}],"wp:featuredmedia":[{"embeddable":true,"href":"https:\/\/pharmaspecific-portage.com\/en\/wp-json\/wp\/v2\/media\/3921"}],"wp:attachment":[{"href":"https:\/\/pharmaspecific-portage.com\/en\/wp-json\/wp\/v2\/media?parent=1158"}],"wp:term":[{"taxonomy":"product_brand","embeddable":true,"href":"https:\/\/pharmaspecific-portage.com\/en\/wp-json\/wp\/v2\/product_brand?post=1158"},{"taxonomy":"product_cat","embeddable":true,"href":"https:\/\/pharmaspecific-portage.com\/en\/wp-json\/wp\/v2\/product_cat?post=1158"},{"taxonomy":"product_tag","embeddable":true,"href":"https:\/\/pharmaspecific-portage.com\/en\/wp-json\/wp\/v2\/product_tag?post=1158"}],"curies":[{"name":"wp","href":"https:\/\/api.w.org\/{rel}","templated":true}]}}