{"id":1751,"date":"2020-02-07T18:04:10","date_gmt":"2020-02-07T18:04:10","guid":{"rendered":"https:\/\/ninetheme.com\/themes\/naturally\/?post_type=product&#038;p=1751"},"modified":"2026-01-12T07:38:44","modified_gmt":"2026-01-12T06:38:44","slug":"staffing","status":"publish","type":"product","link":"https:\/\/pharmaspecific-portage.com\/en\/product\/staffing\/","title":{"rendered":"Global Health &amp; NGO Staffing"},"content":{"rendered":"<p>Support for HIV, TB, malaria, immunization, maternal health, and health systems strengthening programs.\nProfiles include project coordinators, Monitoring &amp; Evaluation (M&amp;E) specialists, quality officers, data officers, and health logistics professionals.<\/p>","protected":false},"excerpt":{"rendered":"<p>Support for HIV, TB, malaria, immunization, maternal health, and health systems strengthening programs.\nProfiles include project coordinators, Monitoring &amp; Evaluation (M&amp;E) specialists, quality officers, data officers, and health logistics professionals.<\/p>","protected":false},"featured_media":3923,"comment_status":"open","ping_status":"closed","template":"","meta":{"_acf_changed":false},"product_brand":[],"product_cat":[84],"product_tag":[87,86,85],"class_list":{"0":"post-1751","1":"product","2":"type-product","3":"status-publish","4":"has-post-thumbnail","6":"product_cat-ong-bailleurs","7":"product_tag-bailleurs","8":"product_tag-ong","9":"product_tag-staffing","10":"nt-post-class","11":"","12":"masonry-item","13":"col-lg-4","21":"first","22":"instock","23":"shipping-taxable","24":"product-type-simple"},"acf":[],"yoast_head":"<!-- This site is optimized with the Yoast SEO plugin v26.9 - https:\/\/yoast.com\/product\/yoast-seo-wordpress\/ -->\n<title>Staffing pour ONG &amp; bailleurs - Pharmaspecific Portage<\/title>\n<meta name=\"robots\" content=\"index, follow, max-snippet:-1, max-image-preview:large, max-video-preview:-1\" \/>\n<link rel=\"canonical\" href=\"https:\/\/pharmaspecific-portage.com\/en\/product\/staffing\/\" \/>\n<meta property=\"og:locale\" content=\"en_US\" \/>\n<meta property=\"og:type\" content=\"article\" \/>\n<meta property=\"og:title\" content=\"Staffing pour ONG &amp; bailleurs - Pharmaspecific Portage\" \/>\n<meta property=\"og:description\" content=\"Renfort d\u2019\u00e9quipes projets pour les programmes VIH, tuberculose, paludisme, sant\u00e9 maternelle, vaccination, renforcement du syst\u00e8me de sant\u00e9. Profils : coordinateurs de projet, sp\u00e9cialistes Monitoring &amp; Evaluation (M&amp;E), responsables qualit\u00e9, charg\u00e9s de donn\u00e9es, logisticiens sant\u00e9.\" \/>\n<meta property=\"og:url\" content=\"https:\/\/pharmaspecific-portage.com\/en\/product\/staffing\/\" \/>\n<meta property=\"og:site_name\" content=\"Pharmaspecific Portage\" \/>\n<meta property=\"article:modified_time\" content=\"2026-01-12T06:38:44+00:00\" \/>\n<meta property=\"og:image\" content=\"https:\/\/pharmaspecific-portage.com\/wp-content\/uploads\/2020\/02\/Staffing-pour-ONG-bailleurs-1.png\" \/>\n\t<meta property=\"og:image:width\" content=\"940\" \/>\n\t<meta property=\"og:image:height\" content=\"788\" \/>\n\t<meta property=\"og:image:type\" content=\"image\/png\" \/>\n<meta name=\"twitter:card\" content=\"summary_large_image\" \/>\n<script type=\"application\/ld+json\" class=\"yoast-schema-graph\">{\"@context\":\"https:\/\/schema.org\",\"@graph\":[{\"@type\":\"WebPage\",\"@id\":\"https:\/\/pharmaspecific-portage.com\/produit\/staffing\/\",\"url\":\"https:\/\/pharmaspecific-portage.com\/produit\/staffing\/\",\"name\":\"Staffing pour ONG & bailleurs - Pharmaspecific Portage\",\"isPartOf\":{\"@id\":\"https:\/\/pharmaspecific-portage.com\/#website\"},\"primaryImageOfPage\":{\"@id\":\"https:\/\/pharmaspecific-portage.com\/produit\/staffing\/#primaryimage\"},\"image\":{\"@id\":\"https:\/\/pharmaspecific-portage.com\/produit\/staffing\/#primaryimage\"},\"thumbnailUrl\":\"https:\/\/pharmaspecific-portage.com\/wp-content\/uploads\/2020\/02\/Staffing-pour-ONG-bailleurs-1.png\",\"datePublished\":\"2020-02-07T18:04:10+00:00\",\"dateModified\":\"2026-01-12T06:38:44+00:00\",\"breadcrumb\":{\"@id\":\"https:\/\/pharmaspecific-portage.com\/produit\/staffing\/#breadcrumb\"},\"inLanguage\":\"en-US\",\"potentialAction\":[{\"@type\":\"ReadAction\",\"target\":[\"https:\/\/pharmaspecific-portage.com\/produit\/staffing\/\"]}]},{\"@type\":\"ImageObject\",\"inLanguage\":\"en-US\",\"@id\":\"https:\/\/pharmaspecific-portage.com\/produit\/staffing\/#primaryimage\",\"url\":\"https:\/\/pharmaspecific-portage.com\/wp-content\/uploads\/2020\/02\/Staffing-pour-ONG-bailleurs-1.png\",\"contentUrl\":\"https:\/\/pharmaspecific-portage.com\/wp-content\/uploads\/2020\/02\/Staffing-pour-ONG-bailleurs-1.png\",\"width\":940,\"height\":788},{\"@type\":\"BreadcrumbList\",\"@id\":\"https:\/\/pharmaspecific-portage.com\/produit\/staffing\/#breadcrumb\",\"itemListElement\":[{\"@type\":\"ListItem\",\"position\":1,\"name\":\"Accueil\",\"item\":\"https:\/\/pharmaspecific-portage.com\/\"},{\"@type\":\"ListItem\",\"position\":2,\"name\":\"Boutique\",\"item\":\"https:\/\/pharmaspecific-portage.com\/boutique\/\"},{\"@type\":\"ListItem\",\"position\":3,\"name\":\"Staffing pour ONG &#038; bailleurs\"}]},{\"@type\":\"WebSite\",\"@id\":\"https:\/\/pharmaspecific-portage.com\/#website\",\"url\":\"https:\/\/pharmaspecific-portage.com\/\",\"name\":\"Pharmaspecific Portage\",\"description\":\"Scientific excellence, delivered with precision.\",\"publisher\":{\"@id\":\"https:\/\/pharmaspecific-portage.com\/#organization\"},\"potentialAction\":[{\"@type\":\"SearchAction\",\"target\":{\"@type\":\"EntryPoint\",\"urlTemplate\":\"https:\/\/pharmaspecific-portage.com\/?s={search_term_string}\"},\"query-input\":{\"@type\":\"PropertyValueSpecification\",\"valueRequired\":true,\"valueName\":\"search_term_string\"}}],\"inLanguage\":\"en-US\"},{\"@type\":\"Organization\",\"@id\":\"https:\/\/pharmaspecific-portage.com\/#organization\",\"name\":\"Pharmaspecific Portage\",\"url\":\"https:\/\/pharmaspecific-portage.com\/\",\"logo\":{\"@type\":\"ImageObject\",\"inLanguage\":\"en-US\",\"@id\":\"https:\/\/pharmaspecific-portage.com\/#\/schema\/logo\/image\/\",\"url\":\"https:\/\/pharmaspecific-portage.com\/wp-content\/uploads\/2025\/12\/Logo-pharmaspecific-portage-1.png\",\"contentUrl\":\"https:\/\/pharmaspecific-portage.com\/wp-content\/uploads\/2025\/12\/Logo-pharmaspecific-portage-1.png\",\"width\":1536,\"height\":1024,\"caption\":\"Pharmaspecific Portage\"},\"image\":{\"@id\":\"https:\/\/pharmaspecific-portage.com\/#\/schema\/logo\/image\/\"}}]}<\/script>\n<!-- \/ Yoast SEO plugin. -->","yoast_head_json":{"title":"Staffing pour ONG & bailleurs - Pharmaspecific Portage","robots":{"index":"index","follow":"follow","max-snippet":"max-snippet:-1","max-image-preview":"max-image-preview:large","max-video-preview":"max-video-preview:-1"},"canonical":"https:\/\/pharmaspecific-portage.com\/en\/product\/staffing\/","og_locale":"en_US","og_type":"article","og_title":"Staffing pour ONG & bailleurs - Pharmaspecific Portage","og_description":"Renfort d\u2019\u00e9quipes projets pour les programmes VIH, tuberculose, paludisme, sant\u00e9 maternelle, vaccination, renforcement du syst\u00e8me de sant\u00e9. Profils : coordinateurs de projet, sp\u00e9cialistes Monitoring &amp; Evaluation (M&amp;E), responsables qualit\u00e9, charg\u00e9s de donn\u00e9es, logisticiens sant\u00e9.","og_url":"https:\/\/pharmaspecific-portage.com\/en\/product\/staffing\/","og_site_name":"Pharmaspecific Portage","article_modified_time":"2026-01-12T06:38:44+00:00","og_image":[{"width":940,"height":788,"url":"https:\/\/pharmaspecific-portage.com\/wp-content\/uploads\/2020\/02\/Staffing-pour-ONG-bailleurs-1.png","type":"image\/png"}],"twitter_card":"summary_large_image","schema":{"@context":"https:\/\/schema.org","@graph":[{"@type":"WebPage","@id":"https:\/\/pharmaspecific-portage.com\/produit\/staffing\/","url":"https:\/\/pharmaspecific-portage.com\/produit\/staffing\/","name":"Staffing pour ONG & bailleurs - Pharmaspecific Portage","isPartOf":{"@id":"https:\/\/pharmaspecific-portage.com\/#website"},"primaryImageOfPage":{"@id":"https:\/\/pharmaspecific-portage.com\/produit\/staffing\/#primaryimage"},"image":{"@id":"https:\/\/pharmaspecific-portage.com\/produit\/staffing\/#primaryimage"},"thumbnailUrl":"https:\/\/pharmaspecific-portage.com\/wp-content\/uploads\/2020\/02\/Staffing-pour-ONG-bailleurs-1.png","datePublished":"2020-02-07T18:04:10+00:00","dateModified":"2026-01-12T06:38:44+00:00","breadcrumb":{"@id":"https:\/\/pharmaspecific-portage.com\/produit\/staffing\/#breadcrumb"},"inLanguage":"en-US","potentialAction":[{"@type":"ReadAction","target":["https:\/\/pharmaspecific-portage.com\/produit\/staffing\/"]}]},{"@type":"ImageObject","inLanguage":"en-US","@id":"https:\/\/pharmaspecific-portage.com\/produit\/staffing\/#primaryimage","url":"https:\/\/pharmaspecific-portage.com\/wp-content\/uploads\/2020\/02\/Staffing-pour-ONG-bailleurs-1.png","contentUrl":"https:\/\/pharmaspecific-portage.com\/wp-content\/uploads\/2020\/02\/Staffing-pour-ONG-bailleurs-1.png","width":940,"height":788},{"@type":"BreadcrumbList","@id":"https:\/\/pharmaspecific-portage.com\/produit\/staffing\/#breadcrumb","itemListElement":[{"@type":"ListItem","position":1,"name":"Accueil","item":"https:\/\/pharmaspecific-portage.com\/"},{"@type":"ListItem","position":2,"name":"Boutique","item":"https:\/\/pharmaspecific-portage.com\/boutique\/"},{"@type":"ListItem","position":3,"name":"Staffing pour ONG &#038; bailleurs"}]},{"@type":"WebSite","@id":"https:\/\/pharmaspecific-portage.com\/#website","url":"https:\/\/pharmaspecific-portage.com\/","name":"Pharmaspecific Portage","description":"Scientific excellence, delivered with precision.","publisher":{"@id":"https:\/\/pharmaspecific-portage.com\/#organization"},"potentialAction":[{"@type":"SearchAction","target":{"@type":"EntryPoint","urlTemplate":"https:\/\/pharmaspecific-portage.com\/?s={search_term_string}"},"query-input":{"@type":"PropertyValueSpecification","valueRequired":true,"valueName":"search_term_string"}}],"inLanguage":"en-US"},{"@type":"Organization","@id":"https:\/\/pharmaspecific-portage.com\/#organization","name":"Pharmaspecific Portage","url":"https:\/\/pharmaspecific-portage.com\/","logo":{"@type":"ImageObject","inLanguage":"en-US","@id":"https:\/\/pharmaspecific-portage.com\/#\/schema\/logo\/image\/","url":"https:\/\/pharmaspecific-portage.com\/wp-content\/uploads\/2025\/12\/Logo-pharmaspecific-portage-1.png","contentUrl":"https:\/\/pharmaspecific-portage.com\/wp-content\/uploads\/2025\/12\/Logo-pharmaspecific-portage-1.png","width":1536,"height":1024,"caption":"Pharmaspecific Portage"},"image":{"@id":"https:\/\/pharmaspecific-portage.com\/#\/schema\/logo\/image\/"}}]}},"_links":{"self":[{"href":"https:\/\/pharmaspecific-portage.com\/en\/wp-json\/wp\/v2\/product\/1751","targetHints":{"allow":["GET"]}}],"collection":[{"href":"https:\/\/pharmaspecific-portage.com\/en\/wp-json\/wp\/v2\/product"}],"about":[{"href":"https:\/\/pharmaspecific-portage.com\/en\/wp-json\/wp\/v2\/types\/product"}],"replies":[{"embeddable":true,"href":"https:\/\/pharmaspecific-portage.com\/en\/wp-json\/wp\/v2\/comments?post=1751"}],"wp:featuredmedia":[{"embeddable":true,"href":"https:\/\/pharmaspecific-portage.com\/en\/wp-json\/wp\/v2\/media\/3923"}],"wp:attachment":[{"href":"https:\/\/pharmaspecific-portage.com\/en\/wp-json\/wp\/v2\/media?parent=1751"}],"wp:term":[{"taxonomy":"product_brand","embeddable":true,"href":"https:\/\/pharmaspecific-portage.com\/en\/wp-json\/wp\/v2\/product_brand?post=1751"},{"taxonomy":"product_cat","embeddable":true,"href":"https:\/\/pharmaspecific-portage.com\/en\/wp-json\/wp\/v2\/product_cat?post=1751"},{"taxonomy":"product_tag","embeddable":true,"href":"https:\/\/pharmaspecific-portage.com\/en\/wp-json\/wp\/v2\/product_tag?post=1751"}],"curies":[{"name":"wp","href":"https:\/\/api.w.org\/{rel}","templated":true}]}}